{"id":276,"date":"2023-04-03T10:04:02","date_gmt":"2023-04-03T08:04:02","guid":{"rendered":"https:\/\/domaine-la-parpaille.com\/?page_id=276"},"modified":"2023-11-27T13:01:15","modified_gmt":"2023-11-27T12:01:15","slug":"allgemeine-verkaufsbedingungen","status":"publish","type":"page","link":"https:\/\/domaine-la-parpaille.com\/de\/allgemeine-verkaufsbedingungen\/","title":{"rendered":"Verkaufsbedingungen"},"content":{"rendered":"<h2>Verkaufsbedingungen<\/h2>\n<h3>1- Allgemeine Verkaufsbedingungen der G\u00eete Sous l\u2019Amandier<\/h3>\n<ul>\n<li>Nichtraucher-Ferienhaus<\/li>\n<li>Unterkunftskapazit\u00e4t: 4 Personen<\/li>\n<li>Haustiere (Hunde und Katzen) sind an der Leine erlaubt und d\u00fcrfen die Zimmer nicht betreten. Rechnen Sie mit einem Zuschlag von 7\u20ac\/Tag pro Tier.<\/li>\n<li>Haustiere sind an der Leine erlaubt und d\u00fcrfen die Zimmer nicht betreten<\/li>\n<li>Ihr Aufenthalt kostet Sie 20 \u20ac pro Woche.<\/li>\n<\/ul>\n<h4>An-und Abfahrt<\/h4>\n<ul>\n<li>Die Anreise erfolgt zwischen 16:00 und 19:00 Uhr.<\/li>\n<li>Nach 20:00 Uhr wird eine Geb\u00fchr von 20 \u20ac erhoben<\/li>\n<li>Die Unterkunft muss sp\u00e4testens um 11:30 Uhr ger\u00e4umt werden.<\/li>\n<\/ul>\n<h4>Nutzung der R\u00e4umlichkeiten \u2013 Reinigung und Kaution<\/h4>\n<p>Der Mieter hat die Ruhe der R\u00e4umlichkeiten zu respektieren und diese bestimmungsgem\u00e4\u00df zu nutzen.<\/p>\n<p>Eine Anzahlung von 1.000 \u20ac wird per Bank\u00fcberweisung geleistet und eine Woche nach Ihrer Abreise geschlossen.<\/p>\n<p>Die Reinigung ist im Mietpreis enthalten. Allerdings m\u00fcssen bestimmte in der Begr\u00fc\u00dfungsbrosch\u00fcre aufgef\u00fchrte Anstandsregeln eingehalten werden.<\/p>\n<p>Im Falle einer Besch\u00e4digung der R\u00e4umlichkeiten, eines Bruchs oder der Nichteinhaltung dieser Regeln wird die Kaution ganz oder teilweise einbehalten. Da andererseits der Mieter f\u00fcr alle ihm zustehenden Sch\u00e4den verantwortlich ist, muss er sich gegen diese verschiedenen Risiken durch einen Resort-Versicherungsvertrag absichern.<\/p>\n<h4>Buchungsbest\u00e4tigung und Zahlung<\/h4>\n<p>Jede Reservierung muss einerseits durch R\u00fccksendung des ordnungsgem\u00e4\u00df ausgef\u00fcllten und unterzeichneten Mietvertrags und andererseits durch Zahlung best\u00e4tigt werden:<\/p>\n<ul>\n<li><span style=\"text-decoration: underline;\">Wenn die Lieferung in mehr als 45 Tagen eintrifft<\/span> : 50% bei Reservierung, 50% 45 Tage vor dem Aufenthalt.<\/li>\n<li><span style=\"text-decoration: underline;\">Bei Anreise in weniger als 45 Tagen<\/span> : 100% bei Reservierung<\/li>\n<\/ul>\n<p><strong>Zahlungsarten:<\/strong><\/p>\n<ul>\n<li>Per Scheck ausgestellt auf Eve OBERT \u2013 Domaine La Parpaille Chemin Blanqui 84160 Cucuron<\/li>\n<li>Per \u00dcberweisung auf folgendes Konto: IBAN: FR76 1131 5000 0104 5640 2348 551 \u2013 BIC: CEPAFRPP131<\/li>\n<\/ul>\n<p>Am Ende des Aufenthalts ist eine Kurtaxe in H\u00f6he von 0,99 \u20ac pro Erwachsenem und Tag zu entrichten.<\/p>\n<h4>Stornobedingungen f\u00fcr Ihren Aufenthalt<\/h4>\n<p>Jede Stornierung Ihres Aufenthalts muss per E-Mail an die Adresse contact@domaine-la-parpaille.com erfolgen:<\/p>\n<ul>\n<li>Mehr als 30 Tage vor Anreisedatum: Volle R\u00fcckerstattung des Gesamtbetrags der Reservierung innerhalb von 15 Tagen.<\/li>\n<li>Zwischen 15 und 30 Tagen vor dem Ankunftsdatum: R\u00fcckerstattung von 50 % des Gesamtbetrags der Reservierung innerhalb von 15 Tagen.<\/li>\n<li>Weniger als 15 Tage vor Anreisedatum: Keine R\u00fcckerstattung. Der Gesamtbetrag der Reservierung ist innerhalb von 15 Tagen f\u00e4llig.<\/li>\n<\/ul>\n<h4>Bedingungen f\u00fcr die \u00c4nderung Ihres Aufenthalts<\/h4>\n<p>Jede \u00c4nderung Ihres Aufenthalts muss per E-Mail an die Adresse contact@domaine-la-parpaille.com erfolgen<\/p>\n<ul>\n<li>\u00c4nderung mehr als 30 Tage vor dem Anreisedatum: Kostenlos<\/li>\n<li>\u00c4nderung zwischen 15 und 30 Tagen vor dem Ankunftsdatum: \u00c4nderungsgeb\u00fchr: 50% der Anzahlung und es muss eine neue Reservierung vorgenommen werden.<\/li>\n<li>\u00c4nderung weniger als 15 Tage vor dem Anreisedatum: \u00c4nderungsgeb\u00fchren entsprechen der Anzahlung \u2013 es muss eine neue Reservierung vorgenommen werden.<\/li>\n<li>Jeder begonnene Aufenthalt wird in voller H\u00f6he f\u00e4llig.<\/li>\n<\/ul>\n<p>Eine Reiser\u00fccktrittsversicherung wird Ihnen zum Zeitpunkt der Buchung angeboten.<\/p>\n<p><a href=\"https:\/\/www.chapkadirect.fr\/index.php?action=produit&amp;id=891&amp;app=parpaille\">Wir empfehlen Ihnen den Abschluss einer Reiser\u00fccktrittsversicherung bei der Firma CHAPKA.<\/a><\/p>\n<p>Diese Reiser\u00fccktrittsversicherung muss bei der direkten Online-Buchung validiert werden.<\/p>\n<ul>\n<li>Option F1:\n<ul>\n<li>Garantien inklusive COVID-19-Stornierung: Stornierung des Mieters, Unterbrechung des Aufenthalts, versp\u00e4tete Ankunft<\/li>\n<li>Nettobonus inklusive Steuern am 01.01.2022 (% des Gesamtbetrags des Aufenthalts): 2.20%<\/li>\n<li>Mindestbonus: 8 \u20ac<\/li>\n<\/ul>\n<\/li>\n<li>Option F2:\n<ul>\n<li>Garantien inklusive COVID-19-Stornierung: Formel 1 + Haftpflichtgarantie, Anti-\u00dcberraschungs-Resort, vergessener Gegenstand, Schl\u00fcsselreparatur<\/li>\n<li>Nettobonus inklusive Steuern am 01.01.2022 (% des Gesamtbetrags des Aufenthalts): 2.80%<\/li>\n<li>Mindestbonus: 8 \u20ac<\/li>\n<\/ul>\n<\/li>\n<\/ul>\n<p>Covid-19-Fall: Im Falle einer neuen beh\u00f6rdlichen Anordnung einer Regierung (Eind\u00e4mmung oder Schlie\u00dfung der Grenzen oder Einf\u00fchrung einer Quarant\u00e4ne) zwischen dem Datum Ihrer Reservierung und dem Ihres Aufenthalts k\u00f6nnen Sie Ihre Reservierung stornieren Kostenlose Anreise oder die M\u00f6glichkeit, Ihren Aufenthalt auf einen sp\u00e4teren Zeitpunkt zu verschieben (je nach Verf\u00fcgbarkeit). Wenn Sie sich f\u00fcr eine Reiser\u00fccktrittsversicherung entschieden haben, erfolgt die Erstattung direkt durch die Versicherungsgesellschaft.<\/p>\n<h3>2- Allgemeine Verkaufsbedingungen f\u00fcr die Zimmer der Domaine<\/h3>\n<ul>\n<li>Unterkunftskapazit\u00e4t: 5 Schlafzimmer und 1 Dachboden<\/li>\n<li>Die R\u00e4umlichkeiten sind nicht f\u00fcr die Unterbringung von Personen mit eingeschr\u00e4nkter Mobilit\u00e4t geeignet<\/li>\n<li>Haustiere (Hunde und Katzen) sind an der Leine erlaubt und d\u00fcrfen die Zimmer nicht betreten. Rechnen Sie mit einem Zuschlag von 7\u20ac\/Tag pro Tier.<\/li>\n<\/ul>\n<h4>Ankunft<\/h4>\n<p>Die Anreise erfolgt zwischen 16:00 und 19:00 Uhr. Nach 20:00 Uhr wird eine Geb\u00fchr von 20 \u20ac erhoben<\/p>\n<p>Bei einer Anreise au\u00dferhalb dieses Zeitfensters teilen Sie uns bitte Ihre ungef\u00e4hre Ankunftszeit 48 Stunden im Voraus per E-Mail (contact@domaine-la-parpaille.com) oder telefonisch (+33 (0)6 75 98 06 70) mit ).<\/p>\n<h4>Abfahrt<\/h4>\n<p>Die Zimmer m\u00fcssen bis sp\u00e4testens 11.00 Uhr ger\u00e4umt werden.<\/p>\n<h4>Nutzung der R\u00e4umlichkeiten \u2013 Reinigung und Kaution<\/h4>\n<p>Der Mieter hat die Ruhe der R\u00e4umlichkeiten zu respektieren und diese bestimmungsgem\u00e4\u00df zu nutzen.<\/p>\n<p>Die t\u00e4gliche Zimmerreinigung ist im Mietpreis inbegriffen. Allerdings m\u00fcssen gewisse Anstandsregeln eingehalten werden. Daher ist es nicht gestattet, Lebensmittel in die Zimmer zu bringen.<\/p>\n<p>Bei Besch\u00e4digung der R\u00e4umlichkeiten, Bruch oder Nichteinhaltung dieser Regeln k\u00f6nnen Kosten entstehen, die reguliert werden m\u00fcssen. Zu diesem Zweck wird bei Ihrer Ankunft eine Bankabbuchung in H\u00f6he von 500 \u20ac beantragt und eine Woche nach Ihrer Abreise geschlossen.<\/p>\n<h4>Buchungsbest\u00e4tigung und Zahlung<\/h4>\n<p>Jede Reservierung wird durch die Zahlung einer Anzahlung in H\u00f6he von 50% des Gesamtbetrags des Aufenthalts best\u00e4tigt (bei Anreise in 30 Tagen oder mehr, andernfalls 100%), zahlbar per Kreditkarte, \u00dcberweisung oder Scheck (im Falle einer nicht direkt vorgenommenen Reservierung). auf der Website \u2013 die Reservierung auf der Website erfolgt ausschlie\u00dflich per Kreditkarte).<\/p>\n<p>Der Restbetrag des Aufenthalts wird bei der Buchung von Ihrer Kreditkarte abgebucht. Wenn Sie per Scheck oder \u00dcberweisung bezahlt haben, muss der Restbetrag beglichen werden<br \/>\nvor Ihrer Ankunft.<\/p>\n<p>Am Ende des Aufenthalts ist eine Kurtaxe in H\u00f6he von 0,99 \u20ac pro Erwachsenem und Tag zu entrichten.<\/p>\n<h4>Bedingungen f\u00fcr Stornierung oder Antrag auf \u00c4nderung des Aufenthaltsdatums<\/h4>\n<ul>\n<li>Mehr als 30 Tage vor Anreisedatum: Volle R\u00fcckerstattung des Gesamtbetrags der Reservierung innerhalb von 15 Tagen.<\/li>\n<li>Zwischen 15 und 30 Tagen vor dem Ankunftsdatum: R\u00fcckerstattung von 50 % des Gesamtbetrags der Reservierung innerhalb von 15 Tagen.<\/li>\n<li>Weniger als 15 Tage vor Anreisedatum: Keine R\u00fcckerstattung. Der Gesamtbetrag der Reservierung ist innerhalb von 15 Tagen f\u00e4llig.<\/li>\n<li>Im Falle einer vorzeitigen Beendigung des Aufenthalts erfolgt keine R\u00fcckerstattung.<\/li>\n<li>Im Falle einer Datums\u00e4nderungsanfrage, die 30 Tage oder mehr vor dem Ankunftsdatum eingeht, erfolgt die \u00c4nderung kostenlos.<\/li>\n<li>Im Falle einer Anfrage nach einer Datums\u00e4nderung, die weniger als 30 Tage vor dem Ankunftsdatum erfolgt, wird die Anzahlung einbehalten und die neue Reservierung wird Gegenstand einer neuen Mietanfrage sein.<\/li>\n<\/ul>\n<p><a href=\"https:\/\/www.chapkadirect.fr\/index.php?action=produit&amp;id=891&amp;app=parpaille\">Wir empfehlen Ihnen den Abschluss einer Reiser\u00fccktrittsversicherung bei der Firma CHAPKA.<\/a><\/p>\n<p>Diese Reiser\u00fccktrittsversicherung muss bei der direkten Online-Buchung validiert werden.<\/p>\n<ul>\n<li>Option F1:\n<ul>\n<li>Garantien inklusive COVID-19-Stornierung: Stornierung des Mieters, Unterbrechung des Aufenthalts, versp\u00e4tete Ankunft<\/li>\n<li>Nettobonus inklusive Steuern am 01.01.2022 (% des Gesamtbetrags des Aufenthalts): 2.20%<\/li>\n<li>Mindestbonus: 8 \u20ac<\/li>\n<\/ul>\n<\/li>\n<li>Option F2:\n<ul>\n<li>Garantien inklusive COVID-19-Stornierung: Formel 1 + Haftpflichtgarantie, Anti-\u00dcberraschungs-Resort, vergessener Gegenstand, Schl\u00fcsselreparatur<\/li>\n<li>Nettobonus inklusive Steuern am 01.01.2022 (% des Gesamtbetrags des Aufenthalts): 2.80%<\/li>\n<li>Mindestbonus: 8 \u20ac<\/li>\n<\/ul>\n<\/li>\n<\/ul>\n<p>Covid-19-Fall: Im Falle einer neuen beh\u00f6rdlichen Anordnung einer Regierung (Eind\u00e4mmung oder Schlie\u00dfung der Grenzen oder Einf\u00fchrung einer Quarant\u00e4ne) zwischen dem Datum Ihrer Reservierung und dem Ihres Aufenthalts k\u00f6nnen Sie Ihre Reservierung stornieren Kostenlose Anreise oder die M\u00f6glichkeit, Ihren Aufenthalt auf einen sp\u00e4teren Zeitpunkt zu verschieben (je nach Verf\u00fcgbarkeit). Wenn Sie sich f\u00fcr eine Reiser\u00fccktrittsversicherung entschieden haben, erfolgt die Erstattung direkt durch die Versicherungsgesellschaft.<\/p>","protected":false},"excerpt":{"rendered":"<p>F\u00fcr jede Reservierung<\/p>","protected":false},"author":1,"featured_media":0,"parent":0,"menu_order":26,"comment_status":"closed","ping_status":"closed","template":"","meta":{"_acf_changed":false,"_sitemap_exclude":false,"_sitemap_priority":"","_sitemap_frequency":"","footnotes":""},"logement":[],"class_list":["post-276","page","type-page","status-publish","hentry"],"acf":[],"_links":{"self":[{"href":"https:\/\/domaine-la-parpaille.com\/de\/wp-json\/wp\/v2\/pages\/276","targetHints":{"allow":["GET"]}}],"collection":[{"href":"https:\/\/domaine-la-parpaille.com\/de\/wp-json\/wp\/v2\/pages"}],"about":[{"href":"https:\/\/domaine-la-parpaille.com\/de\/wp-json\/wp\/v2\/types\/page"}],"author":[{"embeddable":true,"href":"https:\/\/domaine-la-parpaille.com\/de\/wp-json\/wp\/v2\/users\/1"}],"replies":[{"embeddable":true,"href":"https:\/\/domaine-la-parpaille.com\/de\/wp-json\/wp\/v2\/comments?post=276"}],"version-history":[{"count":0,"href":"https:\/\/domaine-la-parpaille.com\/de\/wp-json\/wp\/v2\/pages\/276\/revisions"}],"wp:attachment":[{"href":"https:\/\/domaine-la-parpaille.com\/de\/wp-json\/wp\/v2\/media?parent=276"}],"wp:term":[{"taxonomy":"logement","embeddable":true,"href":"https:\/\/domaine-la-parpaille.com\/de\/wp-json\/wp\/v2\/logement?post=276"}],"curies":[{"name":"wp","href":"https:\/\/api.w.org\/{rel}","templated":true}]}}