{"id":2953,"date":"2023-04-26T15:32:32","date_gmt":"2023-04-26T13:32:32","guid":{"rendered":"https:\/\/domaine-la-parpaille.com\/?page_id=2953"},"modified":"2024-09-04T15:25:31","modified_gmt":"2024-09-04T13:25:31","slug":"rechtliche-hinweise","status":"publish","type":"page","link":"https:\/\/domaine-la-parpaille.com\/de\/rechtliche-hinweise\/","title":{"rendered":"Impressum"},"content":{"rendered":"<p>Gem\u00e4\u00df den Bestimmungen der Artikel 6-III und 19 des Gesetzes Nr. 2004-575 vom 21. Juni 2004 zum Vertrauen in die digitale Wirtschaft, bekannt als LCEN, wird es Benutzern und Besuchern, im Folgenden \u201eBenutzer\u201c genannt, zur Kenntnis gebracht \u201c, der Website https:\/\/domaine-la-parpaille.com, im Folgenden die \u201eWebsite\u201c, diese rechtlichen Hinweise.<\/p>\n<p>Die Verbindung und Navigation auf der Website durch den Benutzer setzt die vollst\u00e4ndige und vorbehaltlose Annahme dieser rechtlichen Hinweise voraus.<\/p>\n<p>Diese sind auf der Website im Abschnitt \u201eRechtliche Hinweise\u201c zug\u00e4nglich.<\/p>\n<h2>Der Editor<\/h2>\n<p>Diese Website, die unter der Adresse https:\/\/domaine-la-parpaille.com zug\u00e4nglich ist, wurde von SAS SLAAAP, APE-Code 7021Z, unter der Siret-Nummer 88225277800015 entwickelt, deren Hauptsitz sich unter der folgenden Adresse befindet:<\/p>\n<ul>\n<li>SAS SLAAAP<\/li>\n<li>19 QUAI RIVE NEUVE<\/li>\n<li>13007 MARSEILLE<\/li>\n<\/ul>\n<p>Die Publikationsleiterin ist Eve OBERT:<\/p>\n<ul>\n<li>Domaine la Parpaille<\/li>\n<li>Blanqui Road<\/li>\n<li>84160 Cucur\u00f3n<\/li>\n<\/ul>\n<h2>Der Gastgeber<\/h2>\n<p>Diese Website wird von HOSTINGER gehostet, dessen eingetragener Firmensitz sich in 61 Lordou Vironos Street, 6023 Larnaca, Zypern befindet und \u00fcber folgende Wege erreicht werden kann: https:\/\/www.hostinger.fr\/contact.<\/p>\n<h2>Zugriff auf die Website<\/h2>\n<p>Die Website ist von jedem Ort aus, 7 Tage die Woche, 24 Stunden am Tag zug\u00e4nglich, au\u00dfer in F\u00e4llen h\u00f6herer Gewalt sowie in F\u00e4llen geplanter oder ungeplanter Unterbrechungen, die sich aus einem Wartungsbedarf ergeben k\u00f6nnen. Im Falle einer \u00c4nderung, Unterbrechung oder Aussetzung der Website kann der Herausgeber nicht haftbar gemacht werden.<\/p>\n<h2>Erforderliche Konfiguration<\/h2>\n<p>Die Website wurde f\u00fcr den optimierten Betrieb in Browsern entwickelt, die mit Webstandards wie Chrome, Firefox, Safari, Opera und f\u00fcr Internet Explorer \u00fcber 8 kompatibel sind. Bei technischen Fragen zur Website senden Sie bitte eine E-Mail an den Webmaster unter der folgenden Adresse : hello@slaaap.fr.<\/p>","protected":false},"excerpt":{"rendered":"<p>Firmenidentifikation und Kontaktdaten<\/p>","protected":false},"author":1,"featured_media":0,"parent":0,"menu_order":28,"comment_status":"closed","ping_status":"closed","template":"","meta":{"_acf_changed":false,"_sitemap_exclude":false,"_sitemap_priority":"","_sitemap_frequency":"","footnotes":""},"logement":[],"class_list":["post-2953","page","type-page","status-publish","hentry"],"acf":[],"_links":{"self":[{"href":"https:\/\/domaine-la-parpaille.com\/de\/wp-json\/wp\/v2\/pages\/2953","targetHints":{"allow":["GET"]}}],"collection":[{"href":"https:\/\/domaine-la-parpaille.com\/de\/wp-json\/wp\/v2\/pages"}],"about":[{"href":"https:\/\/domaine-la-parpaille.com\/de\/wp-json\/wp\/v2\/types\/page"}],"author":[{"embeddable":true,"href":"https:\/\/domaine-la-parpaille.com\/de\/wp-json\/wp\/v2\/users\/1"}],"replies":[{"embeddable":true,"href":"https:\/\/domaine-la-parpaille.com\/de\/wp-json\/wp\/v2\/comments?post=2953"}],"version-history":[{"count":0,"href":"https:\/\/domaine-la-parpaille.com\/de\/wp-json\/wp\/v2\/pages\/2953\/revisions"}],"wp:attachment":[{"href":"https:\/\/domaine-la-parpaille.com\/de\/wp-json\/wp\/v2\/media?parent=2953"}],"wp:term":[{"taxonomy":"logement","embeddable":true,"href":"https:\/\/domaine-la-parpaille.com\/de\/wp-json\/wp\/v2\/logement?post=2953"}],"curies":[{"name":"wp","href":"https:\/\/api.w.org\/{rel}","templated":true}]}}