{"id":3,"date":"2023-03-13T12:46:48","date_gmt":"2023-03-13T11:46:48","guid":{"rendered":"https:\/\/domaine-la-parpaille.com\/?page_id=3"},"modified":"2025-09-25T12:57:01","modified_gmt":"2025-09-25T10:57:01","slug":"datenschutzrichtlinie","status":"publish","type":"page","link":"https:\/\/domaine-la-parpaille.com\/de\/datenschutzrichtlinie\/","title":{"rendered":"Datenschutzrichtlinie"},"content":{"rendered":"<h2>Verwenden<\/h2>\n<p>Der Zugriff auf die Seite sowie die Nutzung der Inhalte erfolgt im Rahmen der nachfolgend beschriebenen Nutzungshinweise. Durch den Zugriff und die Navigation auf der Website akzeptiert der Internetnutzer vorbehaltlos die folgenden Angaben: Domaine La Parpaille ist bestrebt, nach besten Kr\u00e4ften f\u00fcr die Richtigkeit und Aktualisierung der auf dieser Website ver\u00f6ffentlichten Informationen zu sorgen Website, deren Inhalt jederzeit und ohne Vorank\u00fcndigung korrigiert werden kann. Le Domaine La Parpaille kann jedoch nicht f\u00fcr die Richtigkeit, Pr\u00e4zision oder Vollst\u00e4ndigkeit der auf der Website enthaltenen Informationen garantieren. Domaine La Parpaille kann nicht f\u00fcr direkte oder indirekte Sch\u00e4den haftbar gemacht werden, die sich aus dem Zugriff auf die Website oder deren Nutzung ergeben k\u00f6nnten, einschlie\u00dflich Unzug\u00e4nglichkeit, Datenverlust, Sch\u00e4den oder Viren, die die Computerausr\u00fcstung des Benutzers beeintr\u00e4chtigen k\u00f6nnten. Auftreten von Fehlern; Ungenauigkeiten, Auslassungen in Bezug auf die auf der Website angezeigten Informationen; und ganz allgemein alle direkten oder indirekten Sch\u00e4den, unabh\u00e4ngig von Ursache, Ursprung oder Folge.<\/p>\n<h2>1. Identit\u00e4t des Verantwortlichen<\/h2>\n<p>Alle personenbezogenen Daten, die der Internetnutzer f\u00fcr die Nutzung bestimmter Dienste m\u00f6glicherweise an Le Domaine La Parpaille \u00fcbermitteln muss, unterliegen den Bestimmungen des Gesetzes Nr. 78-17 Informatique et Libert\u00e9s vom 6. Januar 1978, ge\u00e4ndert durch das Gesetz Nr. 2004 . -801 vom 6. August 2004 \u201ezum Schutz nat\u00fcrlicher Personen bei der Verarbeitung personenbezogener Daten\u201c. Der Internetnutzer hat ein Recht auf Zugang, Berichtigung und L\u00f6schung der ihn betreffenden personenbezogenen Daten, das er jederzeit aus\u00fcben kann, indem er einen Brief an die folgende Adresse sendet:<\/p>\n<ul>\n<li>Domaine La Parpaille<\/li>\n<li>Blanqui Road<\/li>\n<li>84160 Cucur\u00f3n<\/li>\n<\/ul>\n<h2>2. Erhobene Daten<\/h2>\n<p>Wir erheben nur die unbedingt notwendigen Daten, darunter:<br \/>\n\u2013 Daten, die \u00fcber unsere Kontaktformulare eingegeben werden (Name, Vorname, E-Mail, Telefonnummer, Inhalt der Nachricht),<br \/>\n\u2013 Daten im Zusammenhang mit dem Surfen (Cookies, IP-Adresse, technische Protokolle),<br \/>\n\u2013 Daten, die bei der Anmeldung zu Diensten oder Newslettern angegeben werden,<br \/>\n\u2013 Freiwillig in den Blog-Kommentarbereichen ver\u00f6ffentlichte Daten (Name, E-Mail, Kommentarinhalt, IP-Adresse).<\/p>\n<h2>3. Zwecke und Rechtsgrundlagen<\/h2>\n<p>Die erhobenen Daten werden verwendet f\u00fcr:<br \/>\n\u2013 Beantwortung Ihrer Kontaktanfragen (Rechtsgrundlage: Durchf\u00fchrung vorvertraglicher oder vertraglicher Ma\u00dfnahmen),<br \/>\n\u2013 Sicherstellung der Bereitstellung und Verwaltung der angebotenen Dienste (Rechtsgrundlage: Vertrag),<br \/>\n\u2013 Blog-Kommentare verwalten und moderieren (Rechtsgrundlage: berechtigtes Interesse),<br \/>\n\u2013 Durchf\u00fchrung anonymisierter statistischer Analysen (Rechtsgrundlage: berechtigtes Interesse),<br \/>\n\u2013 Senden Sie kommerzielle Informationen, wenn Sie dem zugestimmt haben (Rechtsgrundlage: Zustimmung).<\/p>\n<h2>4. Datenempf\u00e4nger und Subunternehmer<\/h2>\n<p>Die Daten sind ausschlie\u00dflich f\u00fcr die internen Teams von Domaine La Parpaille und gegebenenfalls f\u00fcr unsere technischen Dienstleister (Hosting, Wartung) bestimmt. Auch bestimmte Dienste Dritter (z. B. Google Analytics) k\u00f6nnen Daten erfassen. Alle Daten werden in Frankreich gehostet und nicht au\u00dferhalb der Europ\u00e4ischen Union \u00fcbermittelt.<\/p>\n<h2>5. Aufbewahrungsfristen<\/h2>\n<p>Die Daten werden nur f\u00fcr die Dauer aufbewahrt, die f\u00fcr die Zwecke, f\u00fcr die sie erhoben wurden, erforderlich ist, und zwar:<br \/>\n\u2013 Kontaktdaten: Dauer der Bearbeitung der Anfrage, anschlie\u00dfende Archivierung f\u00fcr 3 Jahre zu kommerziellen Prospektionszwecken,<br \/>\n\u2013 Daten zu Vertr\u00e4gen: Vertragsdauer danach 5 Jahre entsprechend den gesetzlichen Vorgaben,<br \/>\n\u2013 Kommentardaten: f\u00fcr die gesamte Dauer der Online-Stellung des Kommentars, danach auf Wunsch des Nutzers zur L\u00f6schung,<br \/>\n\u2013 Cookies: maximale Dauer 13 Monate.<\/p>\n<h2>6. Rechte des Einzelnen<\/h2>\n<p>Gem\u00e4\u00df der Verordnung (EU) 2016\/679, bekannt als DSGVO, und dem Datenschutzgesetz haben Sie folgende Rechte:<br \/>\n\u2013 Recht auf Auskunft (Art. 15 DSGVO),<br \/>\n\u2013 Recht auf Berichtigung (Art. 16 DSGVO),<br \/>\n\u2013 Recht auf L\u00f6schung (Art. 17 DSGVO),<br \/>\n\u2013 Recht auf Einschr\u00e4nkung der Verarbeitung (Art. 18 DSGVO),<br \/>\n\u2013 Recht auf Daten\u00fcbertragbarkeit (Art. 20 DSGVO),<br \/>\n\u2013 Widerspruchsrecht (Art. 21 DSGVO),<br \/>\n\u2013 Recht, Ihre Einwilligung zur Verarbeitung auf Grundlage Ihrer Einwilligung jederzeit zu widerrufen.https:\/\/www.google.com\/analytics\/learn\/privacy.html?hl=fr<\/p>\n<p>Sie k\u00f6nnen Ihre Rechte aus\u00fcben, indem Sie uns eine E-Mail an domainelaparpaille7@gmail.com senden. Bei Schwierigkeiten haben Sie auch das Recht, sich an die CNIL (www.cnil.fr) zu wenden.<\/p>\n<h2>7. Cookies und Speicherdauer<\/h2>\n<p>Unsere Website verwendet Cookies, um ihre ordnungsgem\u00e4\u00dfe Funktion zu gew\u00e4hrleisten und die Besucherzahlen zu messen. Bei Ihrem ersten Besuch werden Sie durch ein Banner informiert und k\u00f6nnen Ihre Pr\u00e4ferenzen festlegen. Wir verwenden die DSGVO-konforme Pressidium Cookie Consent (CMP)-L\u00f6sung in Kombination mit Google Consent Mode V2. Ohne Ihre ausdr\u00fcckliche Zustimmung werden keine nicht notwendigen Cookies gesetzt.<\/p>\n<p>Arten der verwendeten Cookies:<\/p>\n<h3>Unbedingt notwendige Cookies<\/h3>\n<div class=\"pressidium-cookie-consent-cookies\"><table data-cookie-category=\"necessary\"><thead><tr><th>Name<\/th><th>Ablauf<\/th><th>Beschreibung<\/th><\/tr><\/thead><tbody><tr><td data-column=\"name\"><p>PHPSESSID<\/p>\n<\/td><td data-column=\"description\"><p>Von Anwendungen generiertes Cookie, das auf der PHP-Sprache basiert.<br \/>\nDies ist eine generische Kennung zur Verwaltung von Benutzersitzungsvariablen. Normalerweise handelt es sich um eine Zufallszahl. Die Verwendung kann standortspezifisch sein. Ein h\u00e4ufiges Beispiel ist die Aufrechterhaltung des Anmeldestatus eines Benutzers \u00fcber mehrere Seiten hinweg.<\/p>\n<\/td><td data-column=\"expiration\"><p>Sitzung<\/p>\n<\/td><\/tr><\/tbody><\/table><\/div>\n<h3>Leistungs- und Analyse-Cookies<\/h3>\n<div class=\"pressidium-cookie-consent-cookies\"><table data-cookie-category=\"analytics\"><thead><tr><th>Name<\/th><th>Ablauf<\/th><th>Beschreibung<\/th><\/tr><\/thead><tbody><tr><td data-column=\"name\"><p>^_ga<\/p>\n<\/td><td data-column=\"description\"><p>Dieser Cookie-Name ist mit Google Universal Analytics verkn\u00fcpft, einer wichtigen Weiterentwicklung des am h\u00e4ufigsten verwendeten Analysedienstes von Google. Dieses Cookie wird verwendet, um eindeutige Benutzer durch Zuweisung einer zuf\u00e4llig generierten ID zu unterscheiden. Es ist in jeder Seitenanforderung auf der Site enthalten und wird zur Berechnung von Besucher-, Sitzungs- und Kampagnendaten f\u00fcr die Analyseberichte der Site verwendet.<\/p>\n<\/td><td data-column=\"expiration\"><p>13 Monate<\/p>\n<\/td><\/tr><tr><td data-column=\"name\"><p>^_hj<\/p>\n<\/td><td data-column=\"description\"><p>Hotjar ist ein Tool zur Verhaltensanalyse, das Ihnen hilft zu verstehen, wie Benutzer mit Ihrer Website interagieren. Hotjar-Cookies sammeln Informationen, um die Benutzererfahrung zu verbessern, indem sie detaillierte Analysen des Surfverhaltens liefern.<\/p>\n<\/td><td data-column=\"expiration\"><p>1 Jahr<\/p>\n<\/td><\/tr><tr><td data-column=\"name\"><p>^sbjs<\/p>\n<\/td><td data-column=\"description\"><p>Sourcebuster ist ein Tool zur Analyse der Besucherherkunft, mit dem Sie die Quellen des Datenverkehrs auf Ihrer Site verfolgen und identifizieren k\u00f6nnen.<\/p>\n<\/td><td data-column=\"expiration\"><p>1 Jahr<\/p>\n<\/td><\/tr><tr><td data-column=\"name\"><p>^_ga$<\/p>\n<\/td><td data-column=\"description\"><p>Google Analytics-Identifikationscookie.<\/p>\n<\/td><td data-column=\"expiration\"><p>13 Monate<\/p>\n<\/td><\/tr><tr><td data-column=\"name\"><p>^_ga_<\/p>\n<\/td><td data-column=\"description\"><p>Cookie-Pr\u00e4fix im Zusammenhang mit Google Analytics 4-Sitzungen.<\/p>\n<\/td><td data-column=\"expiration\"><p>30 Minuten<\/p>\n<\/td><\/tr><tr><td data-column=\"name\"><p>^_gid$<\/p>\n<\/td><td data-column=\"description\"><p>Kurzfristige Benutzer-ID von Google Analytics.<\/p>\n<\/td><td data-column=\"expiration\"><p>24 Stunden<\/p>\n<\/td><\/tr><tr><td data-column=\"name\"><p>^_gcl_au$<\/p>\n<\/td><td data-column=\"description\"><p>Erstanbieter-Conversion-Link von Google Ads\/Analytics.<\/p>\n<\/td><td data-column=\"expiration\"><p>90 Tage<\/p>\n<\/td><\/tr><tr><td data-column=\"name\"><p>^_hjSessionUser_<\/p>\n<\/td><td data-column=\"description\"><p>Dauerhafte Hotjar-Benutzer-ID.<\/p>\n<\/td><td data-column=\"expiration\"><p>1 Jahr<\/p>\n<\/td><\/tr><tr><td data-column=\"name\"><p>^_hjSitzung_<\/p>\n<\/td><td data-column=\"description\"><p>Hotjar-Sitzungs-ID.<\/p>\n<\/td><td data-column=\"expiration\"><p>30 Minuten<\/p>\n<\/td><\/tr><\/tbody><\/table><\/div>\n<h3>Werbe- und Targeting-Cookies<\/h3>\n<div class=\"pressidium-cookie-consent-cookies\"><table data-cookie-category=\"targeting\"><thead><tr><th>Name<\/th><th>Ablauf<\/th><th>Beschreibung<\/th><\/tr><\/thead><tbody><tr><td data-column=\"name\"><p>^_fbp<\/p>\n<\/td><td data-column=\"description\"><p>Wird von Meta verwendet, um eine Reihe von Werbeprodukten bereitzustellen, beispielsweise Echtzeitgebote von Drittanbietern.<\/p>\n<\/td><td data-column=\"expiration\"><p>3 Monate<\/p>\n<\/td><\/tr><tr><td data-column=\"name\"><p>^_pin<\/p>\n<\/td><td data-column=\"description\"><p>Pinterest verwendet Cookies, um Ihr Benutzererlebnis zu verbessern, Inhalte und Anzeigen zu personalisieren und die Leistung der Website zu analysieren. Diese Cookies verfolgen Benutzerinteraktionen, halten Sitzungen aktiv und sch\u00fctzen die Website vor b\u00f6sartigen Angriffen.<\/p>\n<\/td><td data-column=\"expiration\"><p>1 Jahr<\/p>\n<\/td><\/tr><tr><td data-column=\"name\"><p>^uuid<\/p>\n<\/td><td data-column=\"description\"><p>Brevo sammelt Informationen \u00fcber die Navigation und Pr\u00e4ferenzen der Benutzer auf der Website. Diese Informationen k\u00f6nnen verwendet werden, um basierend auf diesen Daten gezielt Newsletter zu versenden.<\/p>\n<\/td><td data-column=\"expiration\"><p>6 Monate und 1 Tag<\/p>\n<\/td><\/tr><tr><td data-column=\"name\"><p>^_fbp$<\/p>\n<\/td><td data-column=\"description\"><p>Meta-Werbe-Cookie (Facebook).<\/p>\n<\/td><td data-column=\"expiration\"><p>3 Monate<\/p>\n<\/td><\/tr><tr><td data-column=\"name\"><p>^_fbc$<\/p>\n<\/td><td data-column=\"description\"><p>Meta-Klick-ID-Cookie (Facebook).<\/p>\n<\/td><td data-column=\"expiration\"><p>3 Monate<\/p>\n<\/td><\/tr><tr><td data-column=\"name\"><p>^_pin_unauth$<\/p>\n<\/td><td data-column=\"description\"><p>Pinterest-Tag-Cookie f\u00fcr nicht authentifizierte Benutzer.<\/p>\n<\/td><td data-column=\"expiration\"><p>1 Jahr<\/p>\n<\/td><\/tr><tr><td data-column=\"name\"><p>^uuid$<\/p>\n<\/td><td data-column=\"description\"><p>Brevo-Tracking-Cookie.<\/p>\n<\/td><td data-column=\"expiration\"><p>6 Monate<\/p>\n<\/td><\/tr><\/tbody><\/table><\/div>\n<h3>Funktionalit\u00e4ts- und Pr\u00e4ferenz-Cookies<\/h3>\n<div class=\"pressidium-cookie-consent-cookies\"><table data-cookie-category=\"preferences\"><thead><tr><th>Name<\/th><th>Ablauf<\/th><th>Beschreibung<\/th><\/tr><\/thead><tbody><tr><td data-column=\"name\"><p>pressidium_cookie_consent<\/p>\n<\/td><td data-column=\"description\"><p>Das Cookie pressidium_cookie_consent wird verwendet, um die Zustimmungseinstellungen des Benutzers bez\u00fcglich der Verwendung von Cookies auf der Website zu speichern.<br \/>\nDieses Cookie stellt sicher, dass die Website die Entscheidungen des Benutzers und die Datenschutzbestimmungen respektiert. Zu den in diesem Cookie gespeicherten Informationen geh\u00f6ren unter anderem die vom Benutzer ge\u00e4u\u00dferten Pr\u00e4ferenzen.<\/p>\n<\/td><td data-column=\"expiration\"><p>1 Jahr<\/p>\n<\/td><\/tr><tr><td data-column=\"name\"><p>NEST<\/p>\n<\/td><td data-column=\"description\"><p>Google-Pr\u00e4ferenz-Cookie (z. B. Google Maps).<\/p>\n<\/td><td data-column=\"expiration\"><p>6 Monate<\/p>\n<\/td><\/tr><tr><td data-column=\"name\"><p>AWSALBCORS<\/p>\n<\/td><td data-column=\"description\"><p>Um nach dem Chromium-Update dauerhafte Unterst\u00fctzung f\u00fcr CORS-Anwendungsf\u00e4lle bereitzustellen, werden f\u00fcr jede dieser zeitdauerbasierten Persistenzfunktionen zus\u00e4tzliche Persistenz-Cookies mit dem Namen AWSALBCORS (ALB) erstellt.<\/p>\n<\/td><td data-column=\"expiration\"><p>7 Tage<\/p>\n<\/td><\/tr><tr><td data-column=\"name\"><p>AWSALB<\/p>\n<\/td><td data-column=\"description\"><p>AWS Application Load Balancer-Cookie zur Aufrechterhaltung der Sitzungspersistenz (Brevo Conversations).<\/p>\n<\/td><td data-column=\"expiration\"><p>7 Tage<\/p>\n<\/td><\/tr><\/tbody><\/table><\/div>\n<p>Sie k\u00f6nnen Ihre Cookie-Einstellungen jederzeit \u00fcber das unten auf der Seite zug\u00e4ngliche Modul \u00e4ndern. Die Zustimmung zur Verwendung von Cookies ist maximal 6 Monate g\u00fcltig.<\/p>\n<h2>8. Sicherheit<\/h2>\n<p>Wir ergreifen alle geeigneten technischen und organisatorischen Ma\u00dfnahmen, um die Sicherheit und Vertraulichkeit Ihrer personenbezogenen Daten zu gew\u00e4hrleisten (Zugriffskontrollen, Hosting in Frankreich, sichere Backups).<\/p>\n<h2>9. DSGVO-Kontakt<\/h2>\n<p>Bei Fragen zum Schutz Ihrer personenbezogenen Daten oder zur Aus\u00fcbung Ihrer Rechte k\u00f6nnen Sie sich per E-Mail an Domaine La Parpaille wenden: domainelaparpaille7@gmail.com oder per Post an: Le Domaine La Parpaille, Chemin Blanqui, 84160 Cucuron.<\/p>","protected":false},"excerpt":{"rendered":"<p>Sicherheit und Privatsph\u00e4re<\/p>","protected":false},"author":1,"featured_media":0,"parent":0,"menu_order":27,"comment_status":"closed","ping_status":"closed","template":"","meta":{"_acf_changed":false,"_sitemap_exclude":false,"_sitemap_priority":"","_sitemap_frequency":"","footnotes":""},"logement":[],"class_list":["post-3","page","type-page","status-publish","hentry"],"acf":[],"_links":{"self":[{"href":"https:\/\/domaine-la-parpaille.com\/de\/wp-json\/wp\/v2\/pages\/3","targetHints":{"allow":["GET"]}}],"collection":[{"href":"https:\/\/domaine-la-parpaille.com\/de\/wp-json\/wp\/v2\/pages"}],"about":[{"href":"https:\/\/domaine-la-parpaille.com\/de\/wp-json\/wp\/v2\/types\/page"}],"author":[{"embeddable":true,"href":"https:\/\/domaine-la-parpaille.com\/de\/wp-json\/wp\/v2\/users\/1"}],"replies":[{"embeddable":true,"href":"https:\/\/domaine-la-parpaille.com\/de\/wp-json\/wp\/v2\/comments?post=3"}],"version-history":[{"count":2,"href":"https:\/\/domaine-la-parpaille.com\/de\/wp-json\/wp\/v2\/pages\/3\/revisions"}],"predecessor-version":[{"id":13910,"href":"https:\/\/domaine-la-parpaille.com\/de\/wp-json\/wp\/v2\/pages\/3\/revisions\/13910"}],"wp:attachment":[{"href":"https:\/\/domaine-la-parpaille.com\/de\/wp-json\/wp\/v2\/media?parent=3"}],"wp:term":[{"taxonomy":"logement","embeddable":true,"href":"https:\/\/domaine-la-parpaille.com\/de\/wp-json\/wp\/v2\/logement?post=3"}],"curies":[{"name":"wp","href":"https:\/\/api.w.org\/{rel}","templated":true}]}}