{"id":5895,"date":"2023-05-09T09:37:56","date_gmt":"2023-05-09T07:37:56","guid":{"rendered":"https:\/\/domaine-la-parpaille.com\/?page_id=5895"},"modified":"2024-01-31T12:41:17","modified_gmt":"2024-01-31T11:41:17","slug":"ihre-vertragsreservierungsanfrage","status":"publish","type":"page","link":"https:\/\/domaine-la-parpaille.com\/de\/ihre-vertragsreservierungsanfrage\/","title":{"rendered":"Votre demande de r\u00e9servation &#8211; Contrat de location"},"content":{"rendered":"<div data-elementor-type=\"wp-page\" data-elementor-id=\"5895\" class=\"elementor elementor-5895\" data-elementor-post-type=\"page\">\n\t\t\t\t<div class=\"elementor-element elementor-element-401e6d8 hero-section e-con-full e-flex e-con e-parent\" data-id=\"401e6d8\" data-element_type=\"container\" data-e-type=\"container\" data-settings=\"{&quot;background_background&quot;:&quot;classic&quot;}\">\n\t\t\t\t<div class=\"elementor-element elementor-element-e459246 elementor-widget elementor-widget-spacer\" data-id=\"e459246\" data-element_type=\"widget\" data-e-type=\"widget\" data-widget_type=\"spacer.default\">\n\t\t\t\t\t\t\t<div class=\"elementor-spacer\">\n\t\t\t<div class=\"elementor-spacer-inner\"><\/div>\n\t\t<\/div>\n\t\t\t\t\t\t<\/div>\n\t\t<div class=\"elementor-element elementor-element-bad2ca3 e-con-full e-flex e-con e-child\" data-id=\"bad2ca3\" data-element_type=\"container\" data-e-type=\"container\">\n\t\t<div class=\"elementor-element elementor-element-485362c e-flex e-con-boxed e-con e-child\" data-id=\"485362c\" data-element_type=\"container\" data-e-type=\"container\" data-settings=\"{&quot;background_background&quot;:&quot;classic&quot;}\">\n\t\t\t\t\t<div class=\"e-con-inner\">\n\t\t\t\t<div class=\"elementor-element elementor-element-565b205 elementor-widget elementor-widget-heading\" data-id=\"565b205\" data-element_type=\"widget\" data-e-type=\"widget\" data-widget_type=\"heading.default\">\n\t\t\t\t\t<h2 class=\"elementor-heading-title elementor-size-default\">DANKE !<\/h2>\t\t\t\t<\/div>\n\t\t\t\t\t<\/div>\n\t\t\t\t<\/div>\n\t\t<div class=\"elementor-element elementor-element-70b205f e-flex e-con-boxed e-con e-child\" data-id=\"70b205f\" data-element_type=\"container\" data-e-type=\"container\" data-settings=\"{&quot;background_background&quot;:&quot;classic&quot;}\">\n\t\t\t\t\t<div class=\"e-con-inner\">\n\t\t\t\t<div class=\"elementor-element elementor-element-20d4c60 elementor-position-inline-start elementor-view-default elementor-mobile-position-block-start elementor-widget elementor-widget-icon-box\" data-id=\"20d4c60\" data-element_type=\"widget\" data-e-type=\"widget\" data-widget_type=\"icon-box.default\">\n\t\t\t\t\t\t\t<div class=\"elementor-icon-box-wrapper\">\n\n\t\t\t\t\t\t<div class=\"elementor-icon-box-icon\">\n\t\t\t\t<span  class=\"elementor-icon\">\n\t\t\t\t<svg xmlns=\"http:\/\/www.w3.org\/2000\/svg\" height=\"48\" viewbox=\"0 96 960 960\" width=\"48\"><path d=\"M215.664 934.846q-22.229 0-38.427-16.198-16.199-16.198-16.199-38.427V342.318q0-22.229 16.199-38.428 16.198-16.198 38.609-16.198h83.269v-80h35.193v80h294.461v-80h32.885v80h82.5q22.411 0 38.609 16.198 16.199 16.199 16.199 38.428v537.903q0 22.229-16.199 38.427-16.198 16.198-38.427 16.198H215.664Zm.182-30.192h528.308q9.231 0 16.923-7.692 7.692-7.693 7.692-16.923V516.231H191.231v363.808q0 9.23 7.692 16.923 7.692 7.692 16.923 7.692Zm-24.615-418.616h577.538V342.5q0-9.231-7.692-16.923-7.692-7.692-16.923-7.692H215.846q-9.231 0-16.923 7.692-7.692 7.692-7.692 16.923v143.538Zm0 0V317.885 486.038Zm288.822 176q-12.535 0-21.621-9.033-9.086-9.033-9.086-21.568 0-12.534 9.034-21.62 9.033-9.086 21.567-9.086 12.535 0 21.621 9.033 9.086 9.033 9.086 21.568 0 12.534-9.034 21.62-9.033 9.086-21.567 9.086Zm-160 0q-12.535 0-21.621-9.033-9.086-9.033-9.086-21.568 0-12.534 9.034-21.62 9.033-9.086 21.567-9.086 12.535 0 21.621 9.033 9.086 9.033 9.086 21.568 0 12.534-9.034 21.62-9.033 9.086-21.567 9.086Zm320 0q-12.535 0-21.621-9.033-9.086-9.033-9.086-21.568 0-12.534 9.034-21.62 9.033-9.086 21.567-9.086 12.535 0 21.621 9.033 9.086 9.033 9.086 21.568 0 12.534-9.034 21.62-9.033 9.086-21.567 9.086Zm-160 153.847q-12.535 0-21.621-9.034-9.086-9.033-9.086-21.568 0-12.534 9.034-21.62 9.033-9.086 21.567-9.086 12.535 0 21.621 9.033 9.086 9.034 9.086 21.568t-9.034 21.621q-9.033 9.086-21.567 9.086Zm-160 0q-12.535 0-21.621-9.034-9.086-9.033-9.086-21.568 0-12.534 9.034-21.62 9.033-9.086 21.567-9.086 12.535 0 21.621 9.033 9.086 9.034 9.086 21.568t-9.034 21.621q-9.033 9.086-21.567 9.086Zm320 0q-12.535 0-21.621-9.034-9.086-9.033-9.086-21.568 0-12.534 9.034-21.62 9.033-9.086 21.567-9.086 12.535 0 21.621 9.033 9.086 9.034 9.086 21.568t-9.034 21.621q-9.033 9.086-21.567 9.086Z\"><\/path><\/svg>\t\t\t\t<\/span>\n\t\t\t<\/div>\n\t\t\t\n\t\t\t\t\t\t<div class=\"elementor-icon-box-content\">\n\n\t\t\t\t\t\t\t\t\t<h1 class=\"elementor-icon-box-title\">\n\t\t\t\t\t\t<span  >\n\t\t\t\t\t\t\tUm Ihre Reservierung zu best\u00e4tigen\t\t\t\t\t\t<\/span>\n\t\t\t\t\t<\/h1>\n\t\t\t\t\n\t\t\t\t\n\t\t\t<\/div>\n\t\t\t\n\t\t<\/div>\n\t\t\t\t\t\t<\/div>\n\t\t\t\t<div class=\"elementor-element elementor-element-67af6e9 elementor-widget elementor-widget-text-editor\" data-id=\"67af6e9\" data-element_type=\"widget\" data-e-type=\"widget\" data-widget_type=\"text-editor.default\">\n\t\t\t\t\t\t\t\t\t<p>Sie erhalten in Ihrem Postfach Ihren Mietvertrag sowie die Zahlungsbedingungen <strong>innerhalb von 7 Tagen nach Erhalt unserer Sendung an uns zu senden.<\/strong><\/p><p>Bis bald !<\/p>\t\t\t\t\t\t\t\t<\/div>\n\t\t\t\t\t<\/div>\n\t\t\t\t<\/div>\n\t\t\t\t<\/div>\n\t\t\t\t<div class=\"elementor-element elementor-element-30a52cb elementor-widget elementor-widget-spacer\" data-id=\"30a52cb\" data-element_type=\"widget\" data-e-type=\"widget\" data-widget_type=\"spacer.default\">\n\t\t\t\t\t\t\t<div class=\"elementor-spacer\">\n\t\t\t<div class=\"elementor-spacer-inner\"><\/div>\n\t\t<\/div>\n\t\t\t\t\t\t<\/div>\n\t\t\t\t<\/div>\n\t\t\t\t<\/div>","protected":false},"excerpt":{"rendered":"<p>Merci ! Pour valider votre r\u00e9servation Vous allez recevoir dans votre bo\u00eete mail, votre contrat de location ainsi que les modalit\u00e9s de paiement \u00e0 nous envoyer dans les 7 jours \u00e0 r\u00e9ception de notre envoi. \u00c0 tr\u00e8s bient\u00f4t !<\/p>","protected":false},"author":1,"featured_media":0,"parent":0,"menu_order":22,"comment_status":"closed","ping_status":"closed","template":"","meta":{"_acf_changed":false,"_sitemap_exclude":false,"_sitemap_priority":"","_sitemap_frequency":"","footnotes":""},"logement":[],"class_list":["post-5895","page","type-page","status-publish","hentry"],"acf":[],"_links":{"self":[{"href":"https:\/\/domaine-la-parpaille.com\/de\/wp-json\/wp\/v2\/pages\/5895","targetHints":{"allow":["GET"]}}],"collection":[{"href":"https:\/\/domaine-la-parpaille.com\/de\/wp-json\/wp\/v2\/pages"}],"about":[{"href":"https:\/\/domaine-la-parpaille.com\/de\/wp-json\/wp\/v2\/types\/page"}],"author":[{"embeddable":true,"href":"https:\/\/domaine-la-parpaille.com\/de\/wp-json\/wp\/v2\/users\/1"}],"replies":[{"embeddable":true,"href":"https:\/\/domaine-la-parpaille.com\/de\/wp-json\/wp\/v2\/comments?post=5895"}],"version-history":[{"count":0,"href":"https:\/\/domaine-la-parpaille.com\/de\/wp-json\/wp\/v2\/pages\/5895\/revisions"}],"wp:attachment":[{"href":"https:\/\/domaine-la-parpaille.com\/de\/wp-json\/wp\/v2\/media?parent=5895"}],"wp:term":[{"taxonomy":"logement","embeddable":true,"href":"https:\/\/domaine-la-parpaille.com\/de\/wp-json\/wp\/v2\/logement?post=5895"}],"curies":[{"name":"wp","href":"https:\/\/api.w.org\/{rel}","templated":true}]}}