{"id":15253,"date":"2026-04-18T15:52:27","date_gmt":"2026-04-18T13:52:27","guid":{"rendered":"https:\/\/domaine-la-parpaille.com\/?post_type=product&#038;p=15253"},"modified":"2026-04-22T10:35:12","modified_gmt":"2026-04-22T08:35:12","slug":"les-ateliers-slow-du-jeudi","status":"publish","type":"product","link":"https:\/\/domaine-la-parpaille.com\/de\/produkt\/les-ateliers-slow-du-jeudi\/","title":{"rendered":"Donnerstags langsame Workshops"},"content":{"rendered":"<p>Jeden Donnerstag <strong data-start=\"200\" data-end=\"226\">1. Juli bis 31. August<\/strong>, von <strong data-start=\"231\" data-end=\"248\">14:00 bis 16:00 Uhr<\/strong>, Erleben Sie eine kreative Auszeit bei <strong data-start=\"282\" data-end=\"302\">L\u00e9as Werkstatt<\/strong>.<\/p>\n<p>W\u00e4hrend <strong data-start=\"314\" data-end=\"340\">zwei Stunden T\u00f6pfern<\/strong>, Stecke deine H\u00e4nde in die Erde, lass dich Schritt f\u00fcr Schritt f\u00fchren und gestalte dein eigenes St\u00fcck in einer sanften und freundlichen Atmosph\u00e4re.<br data-start=\"473\" data-end=\"476\" \/>Der Workshop wird fortgesetzt mit einem <strong data-start=\"507\" data-end=\"550\">Hausgemachter Nachmittagssnack wird im Innenhof serviert<\/strong>, um diesen zeitlosen Moment voll auszukosten.<\/p>\n<p>Aufgrund der erforderlichen Trocknungs- und Backzeit k\u00f6nnen Sie Ihr Werk m\u00f6glicherweise nicht sofort mit nach Hause nehmen. In diesem Fall kann es Ihnen sp\u00e4ter zugeschickt werden, wobei die Versandkosten weiterhin von Ihnen zu tragen sind.<\/p>\n<p><strong data-start=\"604\" data-end=\"643\">Reservierungen m\u00fcssen mindestens einen Tag im Voraus vorgenommen werden.<\/strong><\/p>\n<p><small>Pour r\u00e9server pour plusieurs personnes, ajustez la quantit\u00e9<\/small><\/p>","protected":false},"excerpt":{"rendered":"<p>Tous les jeudis du 1er juillet au 31 ao\u00fbt, de 14h00 \u00e0 16h00, vivez une parenth\u00e8se cr\u00e9ative \u00e0 L\u2019Atelier de L\u00e9a. Pendant deux heures de poterie, mettez les mains dans la terre, laissez-vous guider pas \u00e0 pas et fa\u00e7onnez votre propre pi\u00e8ce dans une ambiance douce et conviviale.L\u2019atelier se prolonge avec une pause go\u00fbter maison [&hellip;]<\/p>\n","protected":false},"featured_media":14959,"template":"","meta":{"_acf_changed":false,"_sitemap_exclude":false,"_sitemap_priority":"","_sitemap_frequency":""},"product_brand":[],"product_cat":[20],"product_tag":[],"class_list":{"0":"post-15253","1":"product","2":"type-product","3":"status-publish","4":"has-post-thumbnail","6":"product_cat-non-classe","8":"first","9":"instock","10":"shipping-taxable","11":"purchasable","12":"product-type-variable"},"acf":[],"_links":{"self":[{"href":"https:\/\/domaine-la-parpaille.com\/de\/wp-json\/wp\/v2\/product\/15253","targetHints":{"allow":["GET"]}}],"collection":[{"href":"https:\/\/domaine-la-parpaille.com\/de\/wp-json\/wp\/v2\/product"}],"about":[{"href":"https:\/\/domaine-la-parpaille.com\/de\/wp-json\/wp\/v2\/types\/product"}],"wp:featuredmedia":[{"embeddable":true,"href":"https:\/\/domaine-la-parpaille.com\/de\/wp-json\/wp\/v2\/media\/14959"}],"wp:attachment":[{"href":"https:\/\/domaine-la-parpaille.com\/de\/wp-json\/wp\/v2\/media?parent=15253"}],"wp:term":[{"taxonomy":"product_brand","embeddable":true,"href":"https:\/\/domaine-la-parpaille.com\/de\/wp-json\/wp\/v2\/product_brand?post=15253"},{"taxonomy":"product_cat","embeddable":true,"href":"https:\/\/domaine-la-parpaille.com\/de\/wp-json\/wp\/v2\/product_cat?post=15253"},{"taxonomy":"product_tag","embeddable":true,"href":"https:\/\/domaine-la-parpaille.com\/de\/wp-json\/wp\/v2\/product_tag?post=15253"}],"curies":[{"name":"wp","href":"https:\/\/api.w.org\/{rel}","templated":true}]}}