{"id":11100,"date":"2024-01-31T12:32:48","date_gmt":"2024-01-31T11:32:48","guid":{"rendered":"https:\/\/domaine-la-parpaille.com\/?page_id=11100"},"modified":"2024-01-31T12:40:49","modified_gmt":"2024-01-31T11:40:49","slug":"your-reservation-request","status":"publish","type":"page","link":"https:\/\/domaine-la-parpaille.com\/en\/your-reservation-request\/","title":{"rendered":"Votre demande de r\u00e9servation"},"content":{"rendered":"<div data-elementor-type=\"wp-page\" data-elementor-id=\"11100\" class=\"elementor elementor-11100\" data-elementor-post-type=\"page\">\n\t\t\t\t<div class=\"elementor-element elementor-element-401e6d8 hero-section e-con-full e-flex e-con e-parent\" data-id=\"401e6d8\" data-element_type=\"container\" data-e-type=\"container\" data-settings=\"{&quot;background_background&quot;:&quot;classic&quot;}\">\n\t\t\t\t<div class=\"elementor-element elementor-element-e459246 elementor-widget elementor-widget-spacer\" data-id=\"e459246\" data-element_type=\"widget\" data-e-type=\"widget\" data-widget_type=\"spacer.default\">\n\t\t\t\t\t\t\t<div class=\"elementor-spacer\">\n\t\t\t<div class=\"elementor-spacer-inner\"><\/div>\n\t\t<\/div>\n\t\t\t\t\t\t<\/div>\n\t\t<div class=\"elementor-element elementor-element-bad2ca3 e-con-full e-flex e-con e-child\" data-id=\"bad2ca3\" data-element_type=\"container\" data-e-type=\"container\">\n\t\t<div class=\"elementor-element elementor-element-485362c e-flex e-con-boxed e-con e-child\" data-id=\"485362c\" data-element_type=\"container\" data-e-type=\"container\" data-settings=\"{&quot;background_background&quot;:&quot;classic&quot;}\">\n\t\t\t\t\t<div class=\"e-con-inner\">\n\t\t\t\t<div class=\"elementor-element elementor-element-565b205 elementor-widget elementor-widget-heading\" data-id=\"565b205\" data-element_type=\"widget\" data-e-type=\"widget\" data-widget_type=\"heading.default\">\n\t\t\t\t\t<h2 class=\"elementor-heading-title elementor-size-default\">THANKS !<\/h2>\t\t\t\t<\/div>\n\t\t\t\t\t<\/div>\n\t\t\t\t<\/div>\n\t\t<div class=\"elementor-element elementor-element-70b205f e-flex e-con-boxed e-con e-child\" data-id=\"70b205f\" data-element_type=\"container\" data-e-type=\"container\" data-settings=\"{&quot;background_background&quot;:&quot;classic&quot;}\">\n\t\t\t\t\t<div class=\"e-con-inner\">\n\t\t\t\t<div class=\"elementor-element elementor-element-20d4c60 elementor-position-inline-start elementor-view-default elementor-mobile-position-block-start elementor-widget elementor-widget-icon-box\" data-id=\"20d4c60\" data-element_type=\"widget\" data-e-type=\"widget\" data-widget_type=\"icon-box.default\">\n\t\t\t\t\t\t\t<div class=\"elementor-icon-box-wrapper\">\n\n\t\t\t\t\t\t<div class=\"elementor-icon-box-icon\">\n\t\t\t\t<span  class=\"elementor-icon\">\n\t\t\t\t<svg xmlns=\"http:\/\/www.w3.org\/2000\/svg\" height=\"24\" viewbox=\"0 -960 960 960\" width=\"24\"><path d=\"M450.001-290.001h59.998V-520h-59.998v229.999ZM480-588.461q13.731 0 23.019-9.288 9.288-9.288 9.288-23.019 0-13.73-9.288-23.019-9.288-9.288-23.019-9.288-13.731 0-23.019 9.288-9.288 9.289-9.288 23.019 0 13.731 9.288 23.019 9.288 9.288 23.019 9.288Zm.067 488.46q-78.836 0-148.204-29.92-69.369-29.92-120.682-81.21-51.314-51.291-81.247-120.629-29.933-69.337-29.933-148.173t29.92-148.204q29.92-69.369 81.21-120.682 51.291-51.314 120.629-81.247 69.337-29.933 148.173-29.933t148.204 29.92q69.369 29.92 120.682 81.21 51.314 51.291 81.247 120.629 29.933 69.337 29.933 148.173t-29.92 148.204q-29.92 69.369-81.21 120.682-51.291 51.314-120.629 81.247-69.337 29.933-148.173 29.933ZM480-160q134 0 227-93t93-227q0-134-93-227t-227-93q-134 0-227 93t-93 227q0 134 93 227t227 93Zm0-320Z\"><\/path><\/svg>\t\t\t\t<\/span>\n\t\t\t<\/div>\n\t\t\t\n\t\t\t\t\t\t<div class=\"elementor-icon-box-content\">\n\n\t\t\t\t\t\t\t\t\t<h1 class=\"elementor-icon-box-title\">\n\t\t\t\t\t\t<span  >\n\t\t\t\t\t\t\tMaintenance in progress on our payment module\t\t\t\t\t\t<\/span>\n\t\t\t\t\t<\/h1>\n\t\t\t\t\n\t\t\t\t\n\t\t\t<\/div>\n\t\t\t\n\t\t<\/div>\n\t\t\t\t\t\t<\/div>\n\t\t\t\t<div class=\"elementor-element elementor-element-67af6e9 elementor-widget elementor-widget-text-editor\" data-id=\"67af6e9\" data-element_type=\"widget\" data-e-type=\"widget\" data-widget_type=\"text-editor.default\">\n\t\t\t\t\t\t\t\t\t<p>Your reservation request has been received.<\/p><p><strong>We will contact you<\/strong> to the telephone number you provided <strong>to finalize your reservation.<\/strong><\/p><p><strong>See you soon !<\/strong><\/p>\t\t\t\t\t\t\t\t<\/div>\n\t\t\t\t\t<\/div>\n\t\t\t\t<\/div>\n\t\t\t\t<\/div>\n\t\t\t\t<div class=\"elementor-element elementor-element-30a52cb elementor-widget elementor-widget-spacer\" data-id=\"30a52cb\" data-element_type=\"widget\" data-e-type=\"widget\" data-widget_type=\"spacer.default\">\n\t\t\t\t\t\t\t<div class=\"elementor-spacer\">\n\t\t\t<div class=\"elementor-spacer-inner\"><\/div>\n\t\t<\/div>\n\t\t\t\t\t\t<\/div>\n\t\t\t\t<\/div>\n\t\t\t\t<\/div>","protected":false},"excerpt":{"rendered":"<p>Merci ! Maintenance en cours sur notre module de paiement Votre demande de r\u00e9servation a bien \u00e9t\u00e9 re\u00e7ue. Nous allons vous contacter au num\u00e9ro de t\u00e9l\u00e9phone que vous avez indiqu\u00e9 pour finaliser votre r\u00e9servation. \u00c0 tr\u00e8s bient\u00f4t !<\/p>","protected":false},"author":1,"featured_media":0,"parent":0,"menu_order":22,"comment_status":"closed","ping_status":"closed","template":"","meta":{"_acf_changed":false,"_sitemap_exclude":false,"_sitemap_priority":"","_sitemap_frequency":"","footnotes":""},"logement":[],"class_list":["post-11100","page","type-page","status-publish","hentry"],"acf":[],"_links":{"self":[{"href":"https:\/\/domaine-la-parpaille.com\/en\/wp-json\/wp\/v2\/pages\/11100","targetHints":{"allow":["GET"]}}],"collection":[{"href":"https:\/\/domaine-la-parpaille.com\/en\/wp-json\/wp\/v2\/pages"}],"about":[{"href":"https:\/\/domaine-la-parpaille.com\/en\/wp-json\/wp\/v2\/types\/page"}],"author":[{"embeddable":true,"href":"https:\/\/domaine-la-parpaille.com\/en\/wp-json\/wp\/v2\/users\/1"}],"replies":[{"embeddable":true,"href":"https:\/\/domaine-la-parpaille.com\/en\/wp-json\/wp\/v2\/comments?post=11100"}],"version-history":[{"count":0,"href":"https:\/\/domaine-la-parpaille.com\/en\/wp-json\/wp\/v2\/pages\/11100\/revisions"}],"wp:attachment":[{"href":"https:\/\/domaine-la-parpaille.com\/en\/wp-json\/wp\/v2\/media?parent=11100"}],"wp:term":[{"taxonomy":"logement","embeddable":true,"href":"https:\/\/domaine-la-parpaille.com\/en\/wp-json\/wp\/v2\/logement?post=11100"}],"curies":[{"name":"wp","href":"https:\/\/api.w.org\/{rel}","templated":true}]}}