{"id":5941,"date":"2023-05-09T17:50:04","date_gmt":"2023-05-09T15:50:04","guid":{"rendered":"https:\/\/domaine-la-parpaille.com\/?page_id=5941"},"modified":"2023-11-17T17:09:13","modified_gmt":"2023-11-17T16:09:13","slug":"newsletter","status":"publish","type":"page","link":"https:\/\/domaine-la-parpaille.com\/en\/newsletter\/","title":{"rendered":"Newsletter"},"content":{"rendered":"\t\t<div data-elementor-type=\"wp-page\" data-elementor-id=\"5941\" class=\"elementor elementor-5941\" data-elementor-post-type=\"page\">\n\t\t\t\t<div class=\"elementor-element elementor-element-240a8e93 hero-section e-con-full e-flex e-con e-parent\" data-id=\"240a8e93\" data-element_type=\"container\" data-e-type=\"container\" data-settings=\"{&quot;background_background&quot;:&quot;classic&quot;}\">\n\t\t\t\t<div class=\"elementor-element elementor-element-7c87a807 elementor-widget elementor-widget-spacer\" data-id=\"7c87a807\" data-element_type=\"widget\" data-e-type=\"widget\" data-widget_type=\"spacer.default\">\n\t\t\t\t\t\t\t<div class=\"elementor-spacer\">\n\t\t\t<div class=\"elementor-spacer-inner\"><\/div>\n\t\t<\/div>\n\t\t\t\t\t\t<\/div>\n\t\t<div class=\"elementor-element elementor-element-54ac968e e-con-full e-flex e-con e-child\" data-id=\"54ac968e\" data-element_type=\"container\" data-e-type=\"container\">\n\t\t<div class=\"elementor-element elementor-element-3ffb7c72 e-flex e-con-boxed e-con e-child\" data-id=\"3ffb7c72\" data-element_type=\"container\" data-e-type=\"container\" data-settings=\"{&quot;background_background&quot;:&quot;classic&quot;}\">\n\t\t\t\t\t<div class=\"e-con-inner\">\n\t\t\t\t<div class=\"elementor-element elementor-element-584e3d1c elementor-position-inline-start elementor-view-default elementor-mobile-position-block-start elementor-widget elementor-widget-icon-box\" data-id=\"584e3d1c\" data-element_type=\"widget\" data-e-type=\"widget\" data-widget_type=\"icon-box.default\">\n\t\t\t\t\t\t\t<div class=\"elementor-icon-box-wrapper\">\n\n\t\t\t\t\t\t<div class=\"elementor-icon-box-icon\">\n\t\t\t\t<span  class=\"elementor-icon\">\n\t\t\t\t<svg xmlns=\"http:\/\/www.w3.org\/2000\/svg\" height=\"48\" viewBox=\"0 96 960 960\" width=\"48\"><path d=\"M175.792 854.962q-22.242 0-38.44-16.199-16.198-16.198-16.198-38.457V351.694q0-22.259 16.198-38.457 16.198-16.199 38.609-16.199h411.231q-1.346 7.577-1.654 14.904-.307 7.327-.615 15.289H166.461L480 534.885l146.346-96.693q3.731 5.423 8.514 10.778 4.783 5.356 10.025 10.53L480 569.308 151.346 350.116v450.038q0 10.769 6.923 17.692t17.692 6.923h608.078q10.769 0 17.692-6.923t6.923-17.692V493.571q8.014-1.526 15.43-5.049 7.416-3.522 14.762-7.868v319.594q0 22.317-16.198 38.515-16.198 16.199-38.44 16.199H175.792Zm-24.446-527.731v497.538-497.538Zm608.618 94.192q-39.695 0-67.156-27.758-27.462-27.758-27.462-67.192 0-39.435 27.758-67.339 27.758-27.903 67.192-27.903 39.435 0 67.339 27.94 27.904 27.94 27.904 67.634 0 39.695-27.941 67.156-27.94 27.462-67.634 27.462Z\"><\/path><\/svg>\t\t\t\t<\/span>\n\t\t\t<\/div>\n\t\t\t\n\t\t\t\t\t\t<div class=\"elementor-icon-box-content\">\n\n\t\t\t\t\t\t\t\t\t<h1 class=\"elementor-icon-box-title\">\n\t\t\t\t\t\t<span  >\n\t\t\t\t\t\t\tNewsletter\t\t\t\t\t\t<\/span>\n\t\t\t\t\t<\/h1>\n\t\t\t\t\n\t\t\t\t\n\t\t\t<\/div>\n\t\t\t\n\t\t<\/div>\n\t\t\t\t\t\t<\/div>\n\t\t\t\t\t<\/div>\n\t\t\t\t<\/div>\n\t\t<div class=\"elementor-element elementor-element-d4d5d1a e-flex e-con-boxed e-con e-child\" data-id=\"d4d5d1a\" data-element_type=\"container\" data-e-type=\"container\" data-settings=\"{&quot;background_background&quot;:&quot;classic&quot;}\">\n\t\t\t\t\t<div class=\"e-con-inner\">\n\t\t\t\t<div class=\"elementor-element elementor-element-e398fc6 newsletter-form elementor-widget elementor-widget-wp-widget-mailpoet_form\" data-id=\"e398fc6\" data-element_type=\"widget\" data-e-type=\"widget\" data-widget_type=\"wp-widget-mailpoet_form.default\">\n\t\t\t\t<div class=\"elementor-widget-container\">\n\t\t\t\t\t  \n  \n  <div class=\"\n    mailpoet_form_popup_overlay\n      \"><\/div>\n  <div\n    id=\"mailpoet_form_1\"\n    class=\"\n      mailpoet_form\n      mailpoet_form_widget\n      mailpoet_form_position_\n      mailpoet_form_animation_\n    \"\n      >\n\n    <style type=\"text\/css\">\n     #mailpoet_form_1 .mailpoet_form {  }\n#mailpoet_form_1 .mailpoet_column_with_background { padding: 10px; }\n#mailpoet_form_1 .mailpoet_form_column:not(:first-child) { margin-left: 20px; }\n#mailpoet_form_1 .mailpoet_paragraph { line-height: 20px; margin-bottom: 20px; }\n#mailpoet_form_1 .mailpoet_segment_label, #mailpoet_form_1 .mailpoet_text_label, #mailpoet_form_1 .mailpoet_textarea_label, #mailpoet_form_1 .mailpoet_select_label, #mailpoet_form_1 .mailpoet_radio_label, #mailpoet_form_1 .mailpoet_checkbox_label, #mailpoet_form_1 .mailpoet_list_label, #mailpoet_form_1 .mailpoet_date_label { display: block; font-weight: normal; }\n#mailpoet_form_1 .mailpoet_text, #mailpoet_form_1 .mailpoet_textarea, #mailpoet_form_1 .mailpoet_select, #mailpoet_form_1 .mailpoet_date_month, #mailpoet_form_1 .mailpoet_date_day, #mailpoet_form_1 .mailpoet_date_year, #mailpoet_form_1 .mailpoet_date { display: block; }\n#mailpoet_form_1 .mailpoet_text, #mailpoet_form_1 .mailpoet_textarea { width: 200px; }\n#mailpoet_form_1 .mailpoet_checkbox {  }\n#mailpoet_form_1 .mailpoet_submit {  }\n#mailpoet_form_1 .mailpoet_divider {  }\n#mailpoet_form_1 .mailpoet_message {  }\n#mailpoet_form_1 .mailpoet_form_loading { width: 30px; text-align: center; line-height: normal; }\n#mailpoet_form_1 .mailpoet_form_loading > span { width: 5px; height: 5px; background-color: #5b5b5b; }#mailpoet_form_1{border-radius: 0px;color: #000000;text-align: left;}#mailpoet_form_1 form.mailpoet_form {padding: 0px;}#mailpoet_form_1{width: 100%;}#mailpoet_form_1 .mailpoet_message {margin: 0; padding: 0 20px;}#mailpoet_form_1 .mailpoet_paragraph.last {margin-bottom: 0} @media (max-width: 500px) {#mailpoet_form_1 {background-image: none;}} @media (min-width: 500px) {#mailpoet_form_1 .last .mailpoet_paragraph:last-child {margin-bottom: 0}}  @media (max-width: 500px) {#mailpoet_form_1 .mailpoet_form_column:last-child .mailpoet_paragraph:last-child {margin-bottom: 0}} \n    <\/style>\n\n    <form\n      target=\"_self\"\n      method=\"post\"\n      action=\"https:\/\/domaine-la-parpaille.com\/wp-admin\/admin-post.php?action=mailpoet_subscription_form\"\n      class=\"mailpoet_form mailpoet_form_form mailpoet_form_widget\"\n      novalidate\n      data-delay=\"\"\n      data-exit-intent-enabled=\"\"\n      data-font-family=\"\"\n      data-cookie-expiration-time=\"\"\n    >\n      <input type=\"hidden\" name=\"data[form_id]\" value=\"1\" \/>\n      <input type=\"hidden\" name=\"token\" value=\"6682f9ab07\" \/>\n      <input type=\"hidden\" name=\"api_version\" value=\"v1\" \/>\n      <input type=\"hidden\" name=\"endpoint\" value=\"subscribers\" \/>\n      <input type=\"hidden\" name=\"mailpoet_method\" value=\"subscribe\" \/>\n\n      <label class=\"mailpoet_hp_email_label\" style=\"display: none !important;\">Please leave this field empty<input type=\"email\" name=\"data[email]\"\/><\/label><div class=\"mailpoet_paragraph \"><input type=\"email\" autocomplete=\"email\" class=\"mailpoet_text\" id=\"form_email_1\" name=\"data[form_field_Njk1MjYwMDlmZDYzX2VtYWls]\" title=\"Adresse e-mail\" value=\"\" style=\"width:100%;box-sizing:border-box;padding:10px;margin: 0 auto 0 0;font-family:&#039;Montserrat&#039;;\" data-automation-id=\"form_email\"  placeholder=\"Adresse e-mail *\" aria-label=\"Adresse e-mail *\" data-parsley-errors-container=\".mailpoet_error_1it79\" data-parsley-required=\"true\" required aria-required=\"true\" data-parsley-minlength=\"6\" data-parsley-maxlength=\"150\" data-parsley-type-message=\"This value should be a valid email.\" data-parsley-required-message=\"This field is required.\"\/><span class=\"mailpoet_error_1it79\"><\/span><\/div>\n<div class='mailpoet_form_columns_container'><div class=\"mailpoet_form_columns mailpoet_paragraph mailpoet_stack_on_mobile\" style=\"padding:0px 0px 0px 0px;\"><div class=\"mailpoet_form_column\" style=\"flex-basis:50%;\"><div class=\"mailpoet_paragraph \"><input type=\"text\" autocomplete=\"family-name\" class=\"mailpoet_text\" id=\"form_last_name_1\" name=\"data[form_field_OTVlMjY1MmU4OWU3X2xhc3RfbmFtZQ==]\" title=\"Nom\" value=\"\" style=\"width:100%;box-sizing:border-box;padding:10px;margin: 0 auto 0 0;font-family:&#039;Montserrat&#039;;\" data-automation-id=\"form_last_name\"  placeholder=\"Nom *\" aria-label=\"Nom *\" data-parsley-errors-container=\".mailpoet_error_s87nt\" data-parsley-names='[&quot;Please specify a valid name.&quot;,&quot;Addresses in names are not permitted, please add your name instead.&quot;]' data-parsley-required=\"true\" required aria-required=\"true\" data-parsley-required-message=\"This field is required.\"\/><span class=\"mailpoet_error_s87nt\"><\/span><\/div>\n<\/div>\n<div class=\"mailpoet_form_column\" style=\"flex-basis:50%;\"><div class=\"mailpoet_paragraph \"><input type=\"text\" autocomplete=\"given-name\" class=\"mailpoet_text\" id=\"form_first_name_1\" name=\"data[form_field_NTlkOTU5Yjk2ZTg2X2ZpcnN0X25hbWU=]\" title=\"Pr\u00e9nom\" value=\"\" style=\"width:100%;box-sizing:border-box;padding:10px;margin: 0 auto 0 0;font-family:&#039;Montserrat&#039;;\" data-automation-id=\"form_first_name\"  placeholder=\"Pr\u00e9nom *\" aria-label=\"Pr\u00e9nom *\" data-parsley-errors-container=\".mailpoet_error_4ugd0\" data-parsley-names='[&quot;Please specify a valid name.&quot;,&quot;Addresses in names are not permitted, please add your name instead.&quot;]' data-parsley-required=\"true\" required aria-required=\"true\" data-parsley-required-message=\"This field is required.\"\/><span class=\"mailpoet_error_4ugd0\"><\/span><\/div>\n<\/div>\n<\/div><\/div>\n<div class=\"mailpoet_paragraph \"><input type=\"submit\" class=\"mailpoet_submit\" value=\"Je m\u2019abonne\u00a0!\" data-automation-id=\"subscribe-submit-button\" style=\"width:100%;box-sizing:border-box;padding:10px;margin: 0 auto 0 0;font-family:&#039;Montserrat&#039;;border-color:transparent;\" \/><span class=\"mailpoet_form_loading\"><span class=\"mailpoet_bounce1\"><\/span><span class=\"mailpoet_bounce2\"><\/span><span class=\"mailpoet_bounce3\"><\/span><\/span><\/div>\n\n      <div class=\"mailpoet_message\">\n        <p class=\"mailpoet_validate_success\"\n                style=\"display:none;\"\n                >V\u00e9rifiez votre boite de r\u00e9ception ou votre r\u00e9pertoire d\u2019ind\u00e9sirables pour confirmer votre abonnement.\n        <\/p>\n        <p class=\"mailpoet_validate_error\"\n                style=\"display:none;\"\n                >        <\/p>\n      <\/div>\n    <\/form>\n\n      <\/div>\n\n  \t\t\t\t<\/div>\n\t\t\t\t<\/div>\n\t\t\t\t\t<\/div>\n\t\t\t\t<\/div>\n\t\t\t\t<\/div>\n\t\t\t\t<div class=\"elementor-element elementor-element-4388cf6b elementor-widget elementor-widget-spacer\" data-id=\"4388cf6b\" data-element_type=\"widget\" data-e-type=\"widget\" data-widget_type=\"spacer.default\">\n\t\t\t\t\t\t\t<div class=\"elementor-spacer\">\n\t\t\t<div class=\"elementor-spacer-inner\"><\/div>\n\t\t<\/div>\n\t\t\t\t\t\t<\/div>\n\t\t\t\t<\/div>\n\t\t\t\t<\/div>\n\t\t","protected":false},"excerpt":{"rendered":"<p>Newsletter<\/p>","protected":false},"author":1,"featured_media":0,"parent":0,"menu_order":24,"comment_status":"closed","ping_status":"closed","template":"","meta":{"_acf_changed":false,"_sitemap_exclude":false,"_sitemap_priority":"","_sitemap_frequency":"","footnotes":""},"logement":[],"class_list":["post-5941","page","type-page","status-publish","hentry"],"acf":[],"_links":{"self":[{"href":"https:\/\/domaine-la-parpaille.com\/en\/wp-json\/wp\/v2\/pages\/5941","targetHints":{"allow":["GET"]}}],"collection":[{"href":"https:\/\/domaine-la-parpaille.com\/en\/wp-json\/wp\/v2\/pages"}],"about":[{"href":"https:\/\/domaine-la-parpaille.com\/en\/wp-json\/wp\/v2\/types\/page"}],"author":[{"embeddable":true,"href":"https:\/\/domaine-la-parpaille.com\/en\/wp-json\/wp\/v2\/users\/1"}],"replies":[{"embeddable":true,"href":"https:\/\/domaine-la-parpaille.com\/en\/wp-json\/wp\/v2\/comments?post=5941"}],"version-history":[{"count":0,"href":"https:\/\/domaine-la-parpaille.com\/en\/wp-json\/wp\/v2\/pages\/5941\/revisions"}],"wp:attachment":[{"href":"https:\/\/domaine-la-parpaille.com\/en\/wp-json\/wp\/v2\/media?parent=5941"}],"wp:term":[{"taxonomy":"logement","embeddable":true,"href":"https:\/\/domaine-la-parpaille.com\/en\/wp-json\/wp\/v2\/logement?post=5941"}],"curies":[{"name":"wp","href":"https:\/\/api.w.org\/{rel}","templated":true}]}}