{"id":7511,"date":"2023-05-18T12:27:37","date_gmt":"2023-05-18T10:27:37","guid":{"rendered":"https:\/\/domaine-la-parpaille.com\/?page_id=7511"},"modified":"2025-04-24T18:07:56","modified_gmt":"2025-04-24T16:07:56","slug":"book-an-extra","status":"publish","type":"page","link":"https:\/\/domaine-la-parpaille.com\/en\/contact\/book-an-extra\/","title":{"rendered":"Book an extra"},"content":{"rendered":"\t\t<div data-elementor-type=\"wp-page\" data-elementor-id=\"7511\" class=\"elementor elementor-7511\" data-elementor-post-type=\"page\">\n\t\t\t\t<div class=\"elementor-element elementor-element-0168a4f hero-section e-con-full e-flex e-con e-parent\" data-id=\"0168a4f\" data-element_type=\"container\" data-e-type=\"container\" data-settings=\"{&quot;background_background&quot;:&quot;classic&quot;}\">\n\t\t\t\t<div class=\"elementor-element elementor-element-eeffe37 elementor-widget elementor-widget-spacer\" data-id=\"eeffe37\" data-element_type=\"widget\" data-e-type=\"widget\" data-widget_type=\"spacer.default\">\n\t\t\t\t\t\t\t<div class=\"elementor-spacer\">\n\t\t\t<div class=\"elementor-spacer-inner\"><\/div>\n\t\t<\/div>\n\t\t\t\t\t\t<\/div>\n\t\t<div class=\"elementor-element elementor-element-be2ff6a e-flex e-con-boxed e-con e-child\" data-id=\"be2ff6a\" data-element_type=\"container\" data-e-type=\"container\">\n\t\t\t\t\t<div class=\"e-con-inner\">\n\t\t<div class=\"elementor-element elementor-element-e810557 visuel_extra e-flex e-con-boxed e-con e-child\" data-id=\"e810557\" data-element_type=\"container\" data-e-type=\"container\" data-settings=\"{&quot;background_background&quot;:&quot;classic&quot;}\">\n\t\t\t\t\t<div class=\"e-con-inner\">\n\t\t\t\t<div class=\"elementor-element elementor-element-e170d87 elementor-widget elementor-widget-html\" data-id=\"e170d87\" data-element_type=\"widget\" data-e-type=\"widget\" data-widget_type=\"html.default\">\n\t\t\t\t\t<script>\r\n\r\n( function( $ ) {\r\n    \"use strict\";\r\n \r\n    $( window ).on( 'elementor\/frontend\/init', function() {\r\n                \r\n        \/\/ R\u00e9cup\u00e9rer l'URL actuelle\r\n        var url = window.location.href;\r\n        \r\n        \/\/ Extraire les valeurs de la variable 'dates_dispo'\r\n        var dates_dispo = new URL(url).searchParams.getAll(\"dates_dispo\");\r\n        \r\n        \/\/ console.log(dates_dispo);\r\n        \r\n        \/\/ V\u00e9rifier si dates_dispo est absente ou vide\r\n        if (typeof dates_dispo === 'undefined' || dates_dispo[0] === '' || dates_dispo === null || dates_dispo.length === 0) {\r\n            window.location.href = '\/';\r\n        }        \r\n        \r\n        \/\/ Vider le contenu de l'\u00e9l\u00e9ment .elementor-field-group-dates_dispo .elementor-field-subgroup\r\n        $(\".elementor-field-group-dates_dispo .elementor-field-subgroup\").empty();\r\n        \r\n        \/\/ Parcourir les valeurs r\u00e9cup\u00e9r\u00e9es et cr\u00e9er les \u00e9l\u00e9ments correspondants\r\n        $.each(dates_dispo, function(index, value) {\r\n          var option = $('<span class=\"elementor-field-option\"><input type=\"checkbox\" id=\"form-field-dates_dispo-' + index + '\" name=\"form_fields[dates_dispo][]\" value=\"' + value + '\"> <label for=\"form-field-dates_dispo-' + index + '\">' + value + '<\/label><\/span>');\r\n          $(\".elementor-field-group-dates_dispo .elementor-field-subgroup\").append(option);\r\n        });\r\n        \r\n        \r\n        \/\/ Obtenir la valeur de la cl\u00e9 'extra_thumbnail_url' des param\u00e8tres GET\r\n        var thumbnailUrl = new URL(url).searchParams.get(\"extra_thumbnail_url\");\r\n        \r\n        \/\/ V\u00e9rifier si une valeur a \u00e9t\u00e9 trouv\u00e9e\r\n        if (thumbnailUrl) {\r\n          \/\/ Attribuer l'image de fond \u00e0 l'\u00e9l\u00e9ment .visuel_extra\r\n          $(\".visuel_extra\").css(\"background-image\", \"url('\" + thumbnailUrl + \"')\");\r\n        }\r\n        \r\n\r\n    } );\r\n  \r\n  } ( jQuery ) );\r\n\r\n<\/script>\r\n\r\n\r\n\t\t\t\t<\/div>\n\t\t\t\t\t<\/div>\n\t\t\t\t<\/div>\n\t\t<div class=\"elementor-element elementor-element-c84f4f4 e-flex e-con-boxed e-con e-child\" data-id=\"c84f4f4\" data-element_type=\"container\" data-e-type=\"container\" data-settings=\"{&quot;background_background&quot;:&quot;classic&quot;}\">\n\t\t\t\t\t<div class=\"e-con-inner\">\n\t\t<div class=\"elementor-element elementor-element-0bfb1d0 e-flex e-con-boxed e-con e-child\" data-id=\"0bfb1d0\" data-element_type=\"container\" data-e-type=\"container\">\n\t\t\t\t\t<div class=\"e-con-inner\">\n\t\t<!-- hidden widget 7511-e424bcc -->\t\t\t<\/div>\n\t\t\t\t<\/div>\n\t\t\t\t<div class=\"elementor-element elementor-element-6142cf9 elementor-button-align-stretch elementor-widget elementor-widget-form\" data-id=\"6142cf9\" data-element_type=\"widget\" data-e-type=\"widget\" data-settings=\"{&quot;step_next_label&quot;:&quot;Suivant&quot;,&quot;step_previous_label&quot;:&quot;Pr\\u00e9c\\u00e9dent&quot;,&quot;button_width&quot;:&quot;100&quot;,&quot;step_type&quot;:&quot;number_text&quot;,&quot;step_icon_shape&quot;:&quot;circle&quot;}\" data-widget_type=\"form.default\">\n\t\t\t\t\t\t\t<form class=\"elementor-form\" method=\"post\" name=\"R\u00e9server un extra\" aria-label=\"R\u00e9server un extra\">\n\t\t\t<input type=\"hidden\" name=\"post_id\" value=\"7511\"\/>\n\t\t\t<input type=\"hidden\" name=\"form_id\" value=\"6142cf9\"\/>\n\t\t\t<input type=\"hidden\" name=\"referer_title\" value=\"\" \/>\n\n\t\t\t\n\t\t\t<div class=\"elementor-form-fields-wrapper elementor-labels-above\">\n\t\t\t\t\t\t\t\t<div class=\"elementor-field-type-hidden elementor-field-group elementor-column elementor-field-group-nom_extra elementor-col-100\">\n\t\t\t\t\t\t\t\t\t\t\t\t\t<input size=\"1\" type=\"hidden\" name=\"form_fields[nom_extra]\" id=\"form-field-nom_extra\" class=\"elementor-field elementor-size-md  elementor-field-textual\">\n\t\t\t\t\t\t\t\t\t\t\t<\/div>\n\t\t\t\t\t\t\t\t<div class=\"elementor-field-type-text elementor-field-group elementor-column elementor-field-group-firstname elementor-col-50\">\n\t\t\t\t\t\t\t\t\t\t\t\t<label for=\"form-field-firstname\" class=\"elementor-field-label\">\n\t\t\t\t\t\t\t\tPr\u00e9nom\t\t\t\t\t\t\t<\/label>\n\t\t\t\t\t\t\t\t\t\t\t\t\t\t<input size=\"1\" type=\"text\" name=\"form_fields[firstname]\" id=\"form-field-firstname\" class=\"elementor-field elementor-size-md  elementor-field-textual\" placeholder=\"Votre pr\u00e9nom\">\n\t\t\t\t\t\t\t\t\t\t\t<\/div>\n\t\t\t\t\t\t\t\t<div class=\"elementor-field-type-text elementor-field-group elementor-column elementor-field-group-lastname elementor-col-50\">\n\t\t\t\t\t\t\t\t\t\t\t\t<label for=\"form-field-lastname\" class=\"elementor-field-label\">\n\t\t\t\t\t\t\t\tNom\t\t\t\t\t\t\t<\/label>\n\t\t\t\t\t\t\t\t\t\t\t\t\t\t<input size=\"1\" type=\"text\" name=\"form_fields[lastname]\" id=\"form-field-lastname\" class=\"elementor-field elementor-size-md  elementor-field-textual\" placeholder=\"Votre nom\">\n\t\t\t\t\t\t\t\t\t\t\t<\/div>\n\t\t\t\t\t\t\t\t<div class=\"elementor-field-type-email elementor-field-group elementor-column elementor-field-group-email elementor-col-100 elementor-field-required elementor-mark-required\">\n\t\t\t\t\t\t\t\t\t\t\t\t<label for=\"form-field-email\" class=\"elementor-field-label\">\n\t\t\t\t\t\t\t\tE-mail\t\t\t\t\t\t\t<\/label>\n\t\t\t\t\t\t\t\t\t\t\t\t\t\t<input size=\"1\" type=\"email\" name=\"form_fields[email]\" id=\"form-field-email\" class=\"elementor-field elementor-size-md  elementor-field-textual\" placeholder=\"Votre e-mail\" required=\"required\">\n\t\t\t\t\t\t\t\t\t\t\t<\/div>\n\t\t\t\t\t\t\t\t<div class=\"elementor-field-type-tel elementor-field-group elementor-column elementor-field-group-tel elementor-col-100 elementor-field-required elementor-mark-required\">\n\t\t\t\t\t\t\t\t\t\t\t\t<label for=\"form-field-tel\" class=\"elementor-field-label\">\n\t\t\t\t\t\t\t\tT\u00e9l\u00e9phone\t\t\t\t\t\t\t<\/label>\n\t\t\t\t\t\t\t\t<input size=\"1\" type=\"tel\" name=\"form_fields[tel]\" id=\"form-field-tel\" class=\"elementor-field elementor-size-md  elementor-field-textual\" placeholder=\"Votre t\u00e9l\u00e9phone\" required=\"required\" pattern=\"[0-9()#&amp;+*-=.]+\" title=\"Only numbers and phone characters (#, -, *, etc) are accepted.\">\n\n\t\t\t\t\t\t<\/div>\n\t\t\t\t\t\t\t\t<div class=\"elementor-field-type-checkbox elementor-field-group elementor-column elementor-field-group-dates_dispo elementor-col-100\">\n\t\t\t\t\t\t\t\t\t\t\t\t<label for=\"form-field-dates_dispo\" class=\"elementor-field-label\">\n\t\t\t\t\t\t\t\tA quelle(s) date(s) souhaitez-vous r\u00e9server ?\t\t\t\t\t\t\t<\/label>\n\t\t\t\t\t\t<div class=\"elementor-field-subgroup  elementor-subgroup-inline\"><span class=\"elementor-field-option\"><input type=\"checkbox\" value=\"\" id=\"form-field-dates_dispo-0\" name=\"form_fields[dates_dispo]\"> <label for=\"form-field-dates_dispo-0\"><\/label><\/span><\/div>\t\t\t\t<\/div>\n\t\t\t\t\t\t\t\t<div class=\"elementor-field-type-recaptcha_v3 elementor-field-group elementor-column elementor-field-group-field_c73cc2e elementor-col-100 recaptcha_v3-bottomleft\">\n\t\t\t\t\t<div class=\"elementor-field\" id=\"form-field-field_c73cc2e\"><div class=\"elementor-g-recaptcha\" data-sitekey=\"6LeWBj8lAAAAAFTffIlWNEmAN8IGCJwd3C4kRXnI\" data-type=\"v3\" data-action=\"Form\" data-badge=\"bottomleft\" data-size=\"invisible\"><\/div><\/div>\t\t\t\t<\/div>\n\t\t\t\t\t\t\t\t<div class=\"elementor-field-group elementor-column elementor-field-type-submit elementor-col-100 e-form__buttons\">\n\t\t\t\t\t<button class=\"elementor-button elementor-size-sm\" type=\"submit\">\n\t\t\t\t\t\t<span class=\"elementor-button-content-wrapper\">\n\t\t\t\t\t\t\t\t\t\t\t\t\t\t\t\t\t\t\t\t\t\t<span class=\"elementor-button-text\">R\u00e9server<\/span>\n\t\t\t\t\t\t\t\t\t\t\t\t\t<\/span>\n\t\t\t\t\t<\/button>\n\t\t\t\t<\/div>\n\t\t\t<\/div>\n\t\t<\/form>\n\t\t\t\t\t\t<\/div>\n\t\t\t\t<div class=\"elementor-element elementor-element-f0e1d65 elementor-widget elementor-widget-heading\" data-id=\"f0e1d65\" data-element_type=\"widget\" data-e-type=\"widget\" data-widget_type=\"heading.default\">\n\t\t\t\t\t<h2 class=\"elementor-heading-title elementor-size-default\">Notre \u00e9quipe vous contactera apr\u00e8s l'envoi de ce formulaire.<\/h2>\t\t\t\t<\/div>\n\t\t\t\t\t<\/div>\n\t\t\t\t<\/div>\n\t\t\t\t\t<\/div>\n\t\t\t\t<\/div>\n\t\t\t\t<div class=\"elementor-element elementor-element-5ede9d3 elementor-hidden-mobile elementor-widget elementor-widget-spacer\" data-id=\"5ede9d3\" data-element_type=\"widget\" data-e-type=\"widget\" data-widget_type=\"spacer.default\">\n\t\t\t\t\t\t\t<div class=\"elementor-spacer\">\n\t\t\t<div class=\"elementor-spacer-inner\"><\/div>\n\t\t<\/div>\n\t\t\t\t\t\t<\/div>\n\t\t\t\t<\/div>\n\t\t\t\t<\/div>\n\t\t","protected":false},"excerpt":{"rendered":"<p>Our team will contact you after submitting this form.<\/p>","protected":false},"author":1,"featured_media":0,"parent":94,"menu_order":17,"comment_status":"closed","ping_status":"closed","template":"","meta":{"_acf_changed":false,"_sitemap_exclude":false,"_sitemap_priority":"","_sitemap_frequency":"","footnotes":""},"logement":[],"class_list":["post-7511","page","type-page","status-publish","hentry"],"acf":[],"_links":{"self":[{"href":"https:\/\/domaine-la-parpaille.com\/en\/wp-json\/wp\/v2\/pages\/7511","targetHints":{"allow":["GET"]}}],"collection":[{"href":"https:\/\/domaine-la-parpaille.com\/en\/wp-json\/wp\/v2\/pages"}],"about":[{"href":"https:\/\/domaine-la-parpaille.com\/en\/wp-json\/wp\/v2\/types\/page"}],"author":[{"embeddable":true,"href":"https:\/\/domaine-la-parpaille.com\/en\/wp-json\/wp\/v2\/users\/1"}],"replies":[{"embeddable":true,"href":"https:\/\/domaine-la-parpaille.com\/en\/wp-json\/wp\/v2\/comments?post=7511"}],"version-history":[{"count":3,"href":"https:\/\/domaine-la-parpaille.com\/en\/wp-json\/wp\/v2\/pages\/7511\/revisions"}],"predecessor-version":[{"id":13395,"href":"https:\/\/domaine-la-parpaille.com\/en\/wp-json\/wp\/v2\/pages\/7511\/revisions\/13395"}],"up":[{"embeddable":true,"href":"https:\/\/domaine-la-parpaille.com\/en\/wp-json\/wp\/v2\/pages\/94"}],"wp:attachment":[{"href":"https:\/\/domaine-la-parpaille.com\/en\/wp-json\/wp\/v2\/media?parent=7511"}],"wp:term":[{"taxonomy":"logement","embeddable":true,"href":"https:\/\/domaine-la-parpaille.com\/en\/wp-json\/wp\/v2\/logement?post=7511"}],"curies":[{"name":"wp","href":"https:\/\/api.w.org\/{rel}","templated":true}]}}