{"id":15253,"date":"2026-04-18T15:52:27","date_gmt":"2026-04-18T13:52:27","guid":{"rendered":"https:\/\/domaine-la-parpaille.com\/?post_type=product&#038;p=15253"},"modified":"2026-04-22T10:35:12","modified_gmt":"2026-04-22T08:35:12","slug":"les-ateliers-slow-du-jeudi","status":"publish","type":"product","link":"https:\/\/domaine-la-parpaille.com\/en\/product\/les-ateliers-slow-du-jeudi\/","title":{"rendered":"Thursday&#039;s slow workshops"},"content":{"rendered":"<p>Every Thursday of <strong data-start=\"200\" data-end=\"226\">July 1st to August 31st<\/strong>, of <strong data-start=\"231\" data-end=\"248\">2:00 PM to 4:00 PM<\/strong>, Experience a creative break at <strong data-start=\"282\" data-end=\"302\">L\u00e9a&#039;s Workshop<\/strong>.<\/p>\n<p>During <strong data-start=\"314\" data-end=\"340\">two hours of pottery<\/strong>, Put your hands in the soil, let yourself be guided step by step and shape your own piece in a gentle and friendly atmosphere.<br data-start=\"473\" data-end=\"476\" \/>The workshop continues with a <strong data-start=\"507\" data-end=\"550\">homemade afternoon snack served in the courtyard<\/strong>, to fully savor this timeless moment.<\/p>\n<p>Due to the drying and baking time required, you may not be able to take your creation home with you immediately. In this case, it can be shipped to you later, with shipping costs remaining your responsibility.<\/p>\n<p><strong data-start=\"604\" data-end=\"643\">Reservations must be made at least one day in advance.<\/strong><\/p>\n<p><small>Pour r\u00e9server pour plusieurs personnes, ajustez la quantit\u00e9<\/small><\/p>","protected":false},"excerpt":{"rendered":"<p>Tous les jeudis du 1er juillet au 31 ao\u00fbt, de 14h00 \u00e0 16h00, vivez une parenth\u00e8se cr\u00e9ative \u00e0 L\u2019Atelier de L\u00e9a. Pendant deux heures de poterie, mettez les mains dans la terre, laissez-vous guider pas \u00e0 pas et fa\u00e7onnez votre propre pi\u00e8ce dans une ambiance douce et conviviale.L\u2019atelier se prolonge avec une pause go\u00fbter maison [&hellip;]<\/p>\n","protected":false},"featured_media":14959,"template":"","meta":{"_acf_changed":false,"_sitemap_exclude":false,"_sitemap_priority":"","_sitemap_frequency":""},"product_brand":[],"product_cat":[20],"product_tag":[],"class_list":{"0":"post-15253","1":"product","2":"type-product","3":"status-publish","4":"has-post-thumbnail","6":"product_cat-non-classe","8":"first","9":"instock","10":"shipping-taxable","11":"purchasable","12":"product-type-variable"},"acf":[],"_links":{"self":[{"href":"https:\/\/domaine-la-parpaille.com\/en\/wp-json\/wp\/v2\/product\/15253","targetHints":{"allow":["GET"]}}],"collection":[{"href":"https:\/\/domaine-la-parpaille.com\/en\/wp-json\/wp\/v2\/product"}],"about":[{"href":"https:\/\/domaine-la-parpaille.com\/en\/wp-json\/wp\/v2\/types\/product"}],"wp:featuredmedia":[{"embeddable":true,"href":"https:\/\/domaine-la-parpaille.com\/en\/wp-json\/wp\/v2\/media\/14959"}],"wp:attachment":[{"href":"https:\/\/domaine-la-parpaille.com\/en\/wp-json\/wp\/v2\/media?parent=15253"}],"wp:term":[{"taxonomy":"product_brand","embeddable":true,"href":"https:\/\/domaine-la-parpaille.com\/en\/wp-json\/wp\/v2\/product_brand?post=15253"},{"taxonomy":"product_cat","embeddable":true,"href":"https:\/\/domaine-la-parpaille.com\/en\/wp-json\/wp\/v2\/product_cat?post=15253"},{"taxonomy":"product_tag","embeddable":true,"href":"https:\/\/domaine-la-parpaille.com\/en\/wp-json\/wp\/v2\/product_tag?post=15253"}],"curies":[{"name":"wp","href":"https:\/\/api.w.org\/{rel}","templated":true}]}}